{"id":9891,"date":"2016-08-31T10:55:25","date_gmt":"2016-08-31T10:55:25","guid":{"rendered":"https:\/\/valresa.com\/en\/servicios\/opinion-2\/"},"modified":"2016-11-08T08:01:33","modified_gmt":"2016-11-08T08:01:33","slug":"opinion-2","status":"publish","type":"page","link":"https:\/\/valresa.com\/en\/servicios\/opinion-2\/","title":{"rendered":"OPINI\u00d3N"},"content":{"rendered":"[vc_row type=&#8221;in_container&#8221; scene_position=&#8221;center&#8221; text_color=&#8221;dark&#8221; text_align=&#8221;left&#8221; overlay_strength=&#8221;0.3&#8243;][vc_column column_padding=&#8221;no-extra-padding&#8221; column_padding_position=&#8221;all&#8221; background_color_opacity=&#8221;1&#8243; background_hover_color_opacity=&#8221;1&#8243; width=&#8221;1\/1&#8243;][vc_column_text]\n<div><\/div>\n<div><\/div>\n<div>\n[\/vc_column_text][\/vc_column][\/vc_row][vc_row type=&#8221;in_container&#8221; scene_position=&#8221;center&#8221; text_color=&#8221;dark&#8221; text_align=&#8221;left&#8221; overlay_strength=&#8221;0.3&#8243;][vc_column column_padding=&#8221;no-extra-padding&#8221; column_padding_position=&#8221;all&#8221; background_color_opacity=&#8221;1&#8243; background_hover_color_opacity=&#8221;1&#8243; width=&#8221;1\/1&#8243;][vc_column_text css=&#8221;.vc_custom_1472641250237{margin-top: 40px !important;}&#8221;]\n<div>\n<div>\n<span class=\"nectar-dropcap\" style=\" color: #1e83ec;\">A<\/span>s customers value us by what we do and not by what we say, we will be pleased to recieve your feedback about what we do well and specially, what we do badly. We will like to recieve from first-hand your opinion. If you are customer or distributor from Valresa and like to give us your opinion about our services or our varnishes and paints for wood, orr report any incidence click <a href=\"mailto:francisco.perello@valresa.com\">here<\/a>. We ensure you that your opinion is recieved by the company director.<br \/>\nYour comment on our varnishes, stans, fireproof varnishes or water base or any other product, as well as how our development works of specific colors or application technical advice, we will help us to improve.<br \/>\nPlease, take your time to tell us what you think clicking <a href=\"mailto:francisco.perello@valresa.com\">here<\/a>.<\/p>\n<\/div>\n<div><\/div>\n<\/div>\n[\/vc_column_text][\/vc_column][\/vc_row][vc_row type=&#8221;in_container&#8221; scene_position=&#8221;center&#8221; text_color=&#8221;dark&#8221; text_align=&#8221;left&#8221; overlay_strength=&#8221;0.3&#8243;][vc_column enable_animation=&#8221;true&#8221; animation=&#8221;fade-in-from-left&#8221; column_padding=&#8221;no-extra-padding&#8221; column_padding_position=&#8221;all&#8221; background_color_opacity=&#8221;1&#8243; background_hover_color_opacity=&#8221;1&#8243; background_image=&#8221;9886&#8243; enable_bg_scale=&#8221;true&#8221; top_margin=&#8221;40&#8243; width=&#8221;1\/1&#8243;][divider line_type=&#8221;No Line&#8221; custom_height=&#8221;300&#8243;][\/vc_column][\/vc_row][vc_row type=&#8221;in_container&#8221; scene_position=&#8221;center&#8221; text_color=&#8221;dark&#8221; text_align=&#8221;left&#8221; overlay_strength=&#8221;0.3&#8243;][\/vc_row][vc_column column_padding=&#8221;no-extra-padding&#8221; column_padding_position=&#8221;all&#8221; background_color_opacity=&#8221;1&#8243; background_hover_color_opacity=&#8221;1&#8243; width=&#8221;1\/2&#8243;][\/vc_column]\n<\/div>\n","protected":false},"excerpt":{"rendered":"<p>[vc_row type=&#8221;in_container&#8221; scene_position=&#8221;center&#8221; text_color=&#8221;dark&#8221; text_align=&#8221;left&#8221; overlay_strength=&#8221;0.3&#8243;][vc_column column_padding=&#8221;no-extra-padding&#8221; column_padding_position=&#8221;all&#8221; background_color_opacity=&#8221;1&#8243; background_hover_color_opacity=&#8221;1&#8243; width=&#8221;1\/1&#8243;][vc_column_text] [\/vc_column_text][\/vc_column][\/vc_row][vc_row type=&#8221;in_container&#8221; scene_position=&#8221;center&#8221; text_color=&#8221;dark&#8221; text_align=&#8221;left&#8221; overlay_strength=&#8221;0.3&#8243;][vc_column column_padding=&#8221;no-extra-padding&#8221; column_padding_position=&#8221;all&#8221; background_color_opacity=&#8221;1&#8243; background_hover_color_opacity=&#8221;1&#8243; width=&#8221;1\/1&#8243;][vc_column_text css=&#8221;.vc_custom_1472641250237{margin-top: 40px !important;}&#8221;] s customers value us by&#8230;<\/p>\n","protected":false},"author":1,"featured_media":0,"parent":7436,"menu_order":0,"comment_status":"closed","ping_status":"closed","template":"","meta":{"footnotes":""},"class_list":["post-9891","page","type-page","status-publish"],"yoast_head":"<!-- This site is optimized with the Yoast SEO plugin v27.3 - https:\/\/yoast.com\/product\/yoast-seo-wordpress\/ -->\n<title>OPINI\u00d3N - Valresa.com<\/title>\n<meta name=\"description\" content=\"Comentario sobre nuestros barnices,tintes, ignifugos o base agua, as\u00ed como nuestro desarrollo de colores o asistencia t\u00e9cnica de barnices y pinturas.\" \/>\n<meta name=\"robots\" content=\"index, follow, max-snippet:-1, max-image-preview:large, max-video-preview:-1\" \/>\n<link rel=\"canonical\" href=\"https:\/\/valresa.com\/en\/servicios\/opinion-2\/\" \/>\n<meta property=\"og:locale\" content=\"en_US\" \/>\n<meta property=\"og:type\" content=\"article\" \/>\n<meta property=\"og:title\" content=\"OPINI\u00d3N - Valresa.com\" \/>\n<meta property=\"og:description\" content=\"Comentario sobre nuestros barnices,tintes, ignifugos o base agua, as\u00ed como nuestro desarrollo de colores o asistencia t\u00e9cnica de barnices y pinturas.\" \/>\n<meta property=\"og:url\" content=\"https:\/\/valresa.com\/en\/servicios\/opinion-2\/\" \/>\n<meta property=\"og:site_name\" content=\"VALRESA\" \/>\n<meta property=\"article:publisher\" content=\"https:\/\/www.facebook.com\/valresacoatings\/\" \/>\n<meta property=\"article:modified_time\" content=\"2016-11-08T08:01:33+00:00\" \/>\n<meta name=\"twitter:card\" content=\"summary_large_image\" \/>\n<meta name=\"twitter:label1\" content=\"Est. reading time\" \/>\n\t<meta name=\"twitter:data1\" content=\"2 minutes\" \/>\n<script type=\"application\/ld+json\" class=\"yoast-schema-graph\">{\"@context\":\"https:\\\/\\\/schema.org\",\"@graph\":[{\"@type\":\"WebPage\",\"@id\":\"https:\\\/\\\/valresa.com\\\/en\\\/servicios\\\/opinion-2\\\/\",\"url\":\"https:\\\/\\\/valresa.com\\\/en\\\/servicios\\\/opinion-2\\\/\",\"name\":\"OPINI\u00d3N - Valresa.com\",\"isPartOf\":{\"@id\":\"https:\\\/\\\/valresa.com\\\/en\\\/#website\"},\"datePublished\":\"2016-08-31T10:55:25+00:00\",\"dateModified\":\"2016-11-08T08:01:33+00:00\",\"description\":\"Comentario sobre nuestros barnices,tintes, ignifugos o base agua, as\u00ed como nuestro desarrollo de colores o asistencia t\u00e9cnica de barnices y pinturas.\",\"breadcrumb\":{\"@id\":\"https:\\\/\\\/valresa.com\\\/en\\\/servicios\\\/opinion-2\\\/#breadcrumb\"},\"inLanguage\":\"en-US\",\"potentialAction\":[{\"@type\":\"ReadAction\",\"target\":[\"https:\\\/\\\/valresa.com\\\/en\\\/servicios\\\/opinion-2\\\/\"]}]},{\"@type\":\"BreadcrumbList\",\"@id\":\"https:\\\/\\\/valresa.com\\\/en\\\/servicios\\\/opinion-2\\\/#breadcrumb\",\"itemListElement\":[{\"@type\":\"ListItem\",\"position\":1,\"name\":\"Portada\",\"item\":\"https:\\\/\\\/valresa.com\\\/en\\\/\"},{\"@type\":\"ListItem\",\"position\":2,\"name\":\"Services\",\"item\":\"https:\\\/\\\/valresa.com\\\/en\\\/servicios\\\/\"},{\"@type\":\"ListItem\",\"position\":3,\"name\":\"OPINI\u00d3N\"}]},{\"@type\":\"WebSite\",\"@id\":\"https:\\\/\\\/valresa.com\\\/en\\\/#website\",\"url\":\"https:\\\/\\\/valresa.com\\\/en\\\/\",\"name\":\"VALRESA\",\"description\":\"Barnices y pinturas para la madera\",\"potentialAction\":[{\"@type\":\"SearchAction\",\"target\":{\"@type\":\"EntryPoint\",\"urlTemplate\":\"https:\\\/\\\/valresa.com\\\/en\\\/?s={search_term_string}\"},\"query-input\":{\"@type\":\"PropertyValueSpecification\",\"valueRequired\":true,\"valueName\":\"search_term_string\"}}],\"inLanguage\":\"en-US\"}]}<\/script>\n<!-- \/ Yoast SEO plugin. -->","yoast_head_json":{"title":"OPINI\u00d3N - Valresa.com","description":"Comentario sobre nuestros barnices,tintes, ignifugos o base agua, as\u00ed como nuestro desarrollo de colores o asistencia t\u00e9cnica de barnices y pinturas.","robots":{"index":"index","follow":"follow","max-snippet":"max-snippet:-1","max-image-preview":"max-image-preview:large","max-video-preview":"max-video-preview:-1"},"canonical":"https:\/\/valresa.com\/en\/servicios\/opinion-2\/","og_locale":"en_US","og_type":"article","og_title":"OPINI\u00d3N - Valresa.com","og_description":"Comentario sobre nuestros barnices,tintes, ignifugos o base agua, as\u00ed como nuestro desarrollo de colores o asistencia t\u00e9cnica de barnices y pinturas.","og_url":"https:\/\/valresa.com\/en\/servicios\/opinion-2\/","og_site_name":"VALRESA","article_publisher":"https:\/\/www.facebook.com\/valresacoatings\/","article_modified_time":"2016-11-08T08:01:33+00:00","twitter_card":"summary_large_image","twitter_misc":{"Est. reading time":"2 minutes"},"schema":{"@context":"https:\/\/schema.org","@graph":[{"@type":"WebPage","@id":"https:\/\/valresa.com\/en\/servicios\/opinion-2\/","url":"https:\/\/valresa.com\/en\/servicios\/opinion-2\/","name":"OPINI\u00d3N - Valresa.com","isPartOf":{"@id":"https:\/\/valresa.com\/en\/#website"},"datePublished":"2016-08-31T10:55:25+00:00","dateModified":"2016-11-08T08:01:33+00:00","description":"Comentario sobre nuestros barnices,tintes, ignifugos o base agua, as\u00ed como nuestro desarrollo de colores o asistencia t\u00e9cnica de barnices y pinturas.","breadcrumb":{"@id":"https:\/\/valresa.com\/en\/servicios\/opinion-2\/#breadcrumb"},"inLanguage":"en-US","potentialAction":[{"@type":"ReadAction","target":["https:\/\/valresa.com\/en\/servicios\/opinion-2\/"]}]},{"@type":"BreadcrumbList","@id":"https:\/\/valresa.com\/en\/servicios\/opinion-2\/#breadcrumb","itemListElement":[{"@type":"ListItem","position":1,"name":"Portada","item":"https:\/\/valresa.com\/en\/"},{"@type":"ListItem","position":2,"name":"Services","item":"https:\/\/valresa.com\/en\/servicios\/"},{"@type":"ListItem","position":3,"name":"OPINI\u00d3N"}]},{"@type":"WebSite","@id":"https:\/\/valresa.com\/en\/#website","url":"https:\/\/valresa.com\/en\/","name":"VALRESA","description":"Barnices y pinturas para la madera","potentialAction":[{"@type":"SearchAction","target":{"@type":"EntryPoint","urlTemplate":"https:\/\/valresa.com\/en\/?s={search_term_string}"},"query-input":{"@type":"PropertyValueSpecification","valueRequired":true,"valueName":"search_term_string"}}],"inLanguage":"en-US"}]}},"_links":{"self":[{"href":"https:\/\/valresa.com\/en\/wp-json\/wp\/v2\/pages\/9891","targetHints":{"allow":["GET"]}}],"collection":[{"href":"https:\/\/valresa.com\/en\/wp-json\/wp\/v2\/pages"}],"about":[{"href":"https:\/\/valresa.com\/en\/wp-json\/wp\/v2\/types\/page"}],"author":[{"embeddable":true,"href":"https:\/\/valresa.com\/en\/wp-json\/wp\/v2\/users\/1"}],"replies":[{"embeddable":true,"href":"https:\/\/valresa.com\/en\/wp-json\/wp\/v2\/comments?post=9891"}],"version-history":[{"count":0,"href":"https:\/\/valresa.com\/en\/wp-json\/wp\/v2\/pages\/9891\/revisions"}],"up":[{"embeddable":true,"href":"https:\/\/valresa.com\/en\/wp-json\/wp\/v2\/pages\/7436"}],"wp:attachment":[{"href":"https:\/\/valresa.com\/en\/wp-json\/wp\/v2\/media?parent=9891"}],"curies":[{"name":"wp","href":"https:\/\/api.w.org\/{rel}","templated":true}]}}