{"id":8652,"date":"2016-07-20T09:20:07","date_gmt":"2016-07-20T09:20:07","guid":{"rendered":"https:\/\/valresa.com\/en\/pintura-en-polvo\/pintura-en-polvo-especiales\/anticalorica-550o-sl54\/"},"modified":"2016-08-05T13:26:41","modified_gmt":"2016-08-05T13:26:41","slug":"sistema-bonding","status":"publish","type":"page","link":"https:\/\/valresa.com\/en\/sistema-bonding\/","title":{"rendered":"SISTEMA BONDING"},"content":{"rendered":"[vc_row type=&#8221;in_container&#8221; scene_position=&#8221;center&#8221; text_color=&#8221;dark&#8221; text_align=&#8221;left&#8221; overlay_strength=&#8221;0.3&#8243;][vc_column column_padding=&#8221;no-extra-padding&#8221; column_padding_position=&#8221;all&#8221; background_color_opacity=&#8221;1&#8243; background_hover_color_opacity=&#8221;1&#8243; width=&#8221;1\/1&#8243;][vc_column_text css=&#8221;.vc_custom_1467267790061{margin-top: 40px !important;}&#8221;]\n<div><span class=\"nectar-dropcap\" style=\" color: #1e83ec;\">E <\/span><\/div>\n<p>st\u00e1n fabricados con una perfecta incorporaci\u00f3n de los pigmentos met\u00e1licos, optimizando su reciclabilidad y su aplicaci\u00f3n. No existe separaci\u00f3n del pigmento met\u00e1lico en la aplicaci\u00f3n de la pintura, mayor consistencia en la uniformidad de color y efecto metalizado, menor aglomeraci\u00f3n de part\u00edculas met\u00e1licas en las boquillas de los equipos de aplicaci\u00f3n.<\/p>\n<p>Los acabados met\u00e1licos bonderizados est\u00e1n disponibles en cualquier gama de productos, Epoxi , Epoxi Poli\u00e9ster, Poli\u00e9ster y Poliuretano<\/p>\n<h4><strong>Utilizaci\u00f3n<\/strong><\/h4>\n<p>Dispone de una multitud de usos sobre una amplia variedad de sustratos met\u00e1licos.<\/p>\n<p>Mobiliario de interior y exterior, estructuras de aluminio, iluminaci\u00f3n, etc.<\/p>\n<h4><strong>Caracter\u00edsticas del producto<\/strong><\/h4>\n<p>Color: Amplia gama de colores met\u00e1licos<br \/>\nAcabados: Brillo GL, Semi-brillo HR- Semi-mate CS \u2013 Mate CM \u2013 Texturado ST<br \/>\nDensidad: 1,3 &#8211; 1,8 gr\/cm3<br \/>\nCaducidad: 12 meses (&lt; 30 \u00baC y &lt; 50% RH)<\/p>\n<h4><strong>Codificaci\u00f3n<\/strong><\/h4>\n<p><strong>B+<\/strong> No es resistente a la humedad y al frote, Un acabado transparente es requerido para este tipo de acabados<\/p>\n<p><strong> X+<\/strong> Resiste a la humedad y al frote suave Un acabado transparente es requerido cuando expongamos el objeto pintado a duras condiciones ambientales.<\/p>\n<p><strong>Q+<\/strong> Excelente resistencia qu\u00edmica a la humedad y al exterior, especialmente desarrollado para arquitectura exterior<\/p>\n<h4><strong>Espesor recomendado<\/strong><\/h4>\n<p>70-90 \u03bcm<\/p>\n<h4><strong>Rendimiento te\u00f3rico<\/strong><\/h4>\n<p>(Con un espesor 70 \u03bcm) 6-8 m2\/kg.<\/p>\n<p>El rendimiento depender\u00e1 de diferentes factores, como la densidad del producto, superficie aplicada y tipo de acabado.<\/p>\n<h4><strong>Preparaci\u00f3n de la superficie<\/strong><\/h4>\n<p>Las superficies deben ser desengrasadas y pre-tratadas adecuadamente para conseguir un rendimiento \u00f3ptimo de la pintura.<\/p>\n<p>Acero: Fosfataci\u00f3n amorfa \u00f3 micro-cristalina<\/p>\n<p>Acero galvanizado: Fosfataci\u00f3n micro-cristalina, cromatizaci\u00f3n o imprimaci\u00f3n fosfatante.<\/p>\n<p>Aluminio: Tratamientos de conversi\u00f3n cr\u00f3mica \u00f3 de conversi\u00f3n no cr\u00f3mica<\/p>\n<h4><strong>Proceso de aplicaci\u00f3n<\/strong><\/h4>\n<p>Presenta excelente cargabilidad y fluidez .Si la pintura estuviera compactada o contuviera humedad, puede requerir un acondicionamiento previo a su utilizaci\u00f3n durante varios minutos para que fluidifique uniformemente.<\/p>\n<p>Su almacenamiento se debe realizar en su envase original cerrado herm\u00e9ticamente y en un lugar fresco y seco con temperaturas inferiores a 30\u00baC.<\/p>\n<p>Los recubrimientos en polvo est\u00e1n compuestos de finas part\u00edculas. Respiradores \u00f3 mascaras deben ser utilizados cuando se est\u00e9 expuesto, para evitar su inhalaci\u00f3n.<\/p>\n<p>El aire utilizado en los equipos de pintado debe estar libre de aceite, humedad y part\u00edculas.<\/p>\n<p>Productos que contengan siliconas no deben ser utilizados en el \u00e1rea de pintado.<\/p>\n<p>Para la alimentaci\u00f3n del equipo de aplicaci\u00f3n directamente de la caja, debemos garantizar que la sonda de alimentaci\u00f3n, est\u00e9 completamente insertada en la pintura y utilizada seg\u00fan las recomendaciones del fabricante.<\/p>\n<p>Los puntos de contacto metal con metal se deben mantener limpios para asegurar una buena toma de tierra.<\/p>\n<p>La humedad relativa debe ser 50-60% para sistema electrost\u00e1tico corona, Polimerizado, tiempo y temperatura seg\u00fan indicaciones en esta ficha t\u00e9cnica.<\/p>\n<p>El porcentaje de pintura reciclada debe ser supervisado para mantener la consistencia y uniformidad en la aplicaci\u00f3n.<\/p>\n<p>Se recomienda la tamizaci\u00f3n de la pintura antes de a\u00f1adir a la tolva, para evitar aglomeraciones y elementos extra\u00f1os.<\/p>\n<p>Mantenimiento de las superficies pintadas Los objetos pintados con este acabado deben ser solo lavados con agua caliente y detergente l\u00edquido con un pH neutro, y posteriormente enjuagados con agua corriente, para mantener la apariencia, aspecto y brillo inicial de la pel\u00edcula.<\/p>\n<p>No se recomienda el uso de limpiadores abrasivos, ni es el uso de disolventes org\u00e1nicos activos.<\/p>\n<div><\/div>\n[\/vc_column_text][\/vc_column][\/vc_row][vc_row type=&#8221;in_container&#8221; scene_position=&#8221;center&#8221; text_color=&#8221;dark&#8221; text_align=&#8221;left&#8221; overlay_strength=&#8221;0.3&#8243;][vc_column enable_animation=&#8221;true&#8221; animation=&#8221;fade-in-from-left&#8221; column_padding=&#8221;no-extra-padding&#8221; column_padding_position=&#8221;all&#8221; background_color_opacity=&#8221;1&#8243; background_hover_color_opacity=&#8221;1&#8243; background_image=&#8221;9353&#8243; enable_bg_scale=&#8221;true&#8221; top_margin=&#8221;40&#8243; width=&#8221;1\/1&#8243;][divider line_type=&#8221;No Line&#8221; custom_height=&#8221;300&#8243;][\/vc_column][\/vc_row][vc_row type=&#8221;in_container&#8221; scene_position=&#8221;center&#8221; text_color=&#8221;dark&#8221; text_align=&#8221;left&#8221; overlay_strength=&#8221;0.3&#8243;][vc_column column_padding=&#8221;no-extra-padding&#8221; column_padding_position=&#8221;all&#8221; background_color_opacity=&#8221;1&#8243; background_hover_color_opacity=&#8221;1&#8243; width=&#8221;1\/1&#8243;][vc_column_text]\n<h4><strong>Descargar Hoja T\u00e9cnica<br \/>\n<\/strong><\/h4>\n<p><a href=\"\/?page_id=8098\"><img loading=\"lazy\" decoding=\"async\" class=\"alignnone wp-image-8084\" src=\"https:\/\/valresa.com\/wp-content\/uploads\/2016\/04\/descarga-wp.png\" alt=\"descarga wp\" width=\"61\" height=\"61\" \/><\/a>[\/vc_column_text][\/vc_column][\/vc_row]\n","protected":false},"excerpt":{"rendered":"<p>[vc_row type=&#8221;in_container&#8221; scene_position=&#8221;center&#8221; text_color=&#8221;dark&#8221; text_align=&#8221;left&#8221; overlay_strength=&#8221;0.3&#8243;][vc_column column_padding=&#8221;no-extra-padding&#8221; column_padding_position=&#8221;all&#8221; background_color_opacity=&#8221;1&#8243; background_hover_color_opacity=&#8221;1&#8243; width=&#8221;1\/1&#8243;][vc_column_text css=&#8221;.vc_custom_1467267790061{margin-top: 40px !important;}&#8221;] st\u00e1n fabricados con una perfecta incorporaci\u00f3n de los pigmentos met\u00e1licos, optimizando su reciclabilidad y su aplicaci\u00f3n&#8230;.<\/p>\n","protected":false},"author":1,"featured_media":0,"parent":0,"menu_order":0,"comment_status":"closed","ping_status":"closed","template":"","meta":{"footnotes":""},"class_list":["post-8652","page","type-page","status-publish"],"yoast_head":"<!-- This site is optimized with the Yoast SEO plugin v27.3 - https:\/\/yoast.com\/product\/yoast-seo-wordpress\/ -->\n<title>SISTEMA BONDING - Valresa.com<\/title>\n<meta name=\"description\" content=\"Pintura en polvo con una excelente uniformidad y efecto metalizado, con el m\u00ednimo aglomeramiento y tama\u00f1o de part\u00edculas.\" \/>\n<meta name=\"robots\" content=\"index, follow, max-snippet:-1, max-image-preview:large, max-video-preview:-1\" \/>\n<link rel=\"canonical\" href=\"https:\/\/valresa.com\/en\/sistema-bonding\/\" \/>\n<meta property=\"og:locale\" content=\"en_US\" \/>\n<meta property=\"og:type\" content=\"article\" \/>\n<meta property=\"og:title\" content=\"SISTEMA BONDING - Valresa.com\" \/>\n<meta property=\"og:description\" content=\"Pintura en polvo con una excelente uniformidad y efecto metalizado, con el m\u00ednimo aglomeramiento y tama\u00f1o de part\u00edculas.\" \/>\n<meta property=\"og:url\" content=\"https:\/\/valresa.com\/en\/sistema-bonding\/\" \/>\n<meta property=\"og:site_name\" content=\"VALRESA\" \/>\n<meta property=\"article:publisher\" content=\"https:\/\/www.facebook.com\/valresacoatings\/\" \/>\n<meta property=\"article:modified_time\" content=\"2016-08-05T13:26:41+00:00\" \/>\n<meta property=\"og:image\" content=\"https:\/\/valresa.com\/wp-content\/uploads\/2016\/04\/descarga-wp.png\" \/>\n<meta name=\"twitter:card\" content=\"summary_large_image\" \/>\n<meta name=\"twitter:label1\" content=\"Est. reading time\" \/>\n\t<meta name=\"twitter:data1\" content=\"4 minutes\" \/>\n<script type=\"application\/ld+json\" class=\"yoast-schema-graph\">{\"@context\":\"https:\\\/\\\/schema.org\",\"@graph\":[{\"@type\":\"WebPage\",\"@id\":\"https:\\\/\\\/valresa.com\\\/en\\\/sistema-bonding\\\/\",\"url\":\"https:\\\/\\\/valresa.com\\\/en\\\/sistema-bonding\\\/\",\"name\":\"SISTEMA BONDING - Valresa.com\",\"isPartOf\":{\"@id\":\"https:\\\/\\\/valresa.com\\\/en\\\/#website\"},\"primaryImageOfPage\":{\"@id\":\"https:\\\/\\\/valresa.com\\\/en\\\/sistema-bonding\\\/#primaryimage\"},\"image\":{\"@id\":\"https:\\\/\\\/valresa.com\\\/en\\\/sistema-bonding\\\/#primaryimage\"},\"thumbnailUrl\":\"https:\\\/\\\/valresa.com\\\/wp-content\\\/uploads\\\/2016\\\/04\\\/descarga-wp.png\",\"datePublished\":\"2016-07-20T09:20:07+00:00\",\"dateModified\":\"2016-08-05T13:26:41+00:00\",\"description\":\"Pintura en polvo con una excelente uniformidad y efecto metalizado, con el m\u00ednimo aglomeramiento y tama\u00f1o de part\u00edculas.\",\"breadcrumb\":{\"@id\":\"https:\\\/\\\/valresa.com\\\/en\\\/sistema-bonding\\\/#breadcrumb\"},\"inLanguage\":\"en-US\",\"potentialAction\":[{\"@type\":\"ReadAction\",\"target\":[\"https:\\\/\\\/valresa.com\\\/en\\\/sistema-bonding\\\/\"]}]},{\"@type\":\"ImageObject\",\"inLanguage\":\"en-US\",\"@id\":\"https:\\\/\\\/valresa.com\\\/en\\\/sistema-bonding\\\/#primaryimage\",\"url\":\"https:\\\/\\\/valresa.com\\\/wp-content\\\/uploads\\\/2016\\\/04\\\/descarga-wp.png\",\"contentUrl\":\"https:\\\/\\\/valresa.com\\\/wp-content\\\/uploads\\\/2016\\\/04\\\/descarga-wp.png\"},{\"@type\":\"BreadcrumbList\",\"@id\":\"https:\\\/\\\/valresa.com\\\/en\\\/sistema-bonding\\\/#breadcrumb\",\"itemListElement\":[{\"@type\":\"ListItem\",\"position\":1,\"name\":\"Portada\",\"item\":\"https:\\\/\\\/valresa.com\\\/en\\\/\"},{\"@type\":\"ListItem\",\"position\":2,\"name\":\"SISTEMA BONDING\"}]},{\"@type\":\"WebSite\",\"@id\":\"https:\\\/\\\/valresa.com\\\/en\\\/#website\",\"url\":\"https:\\\/\\\/valresa.com\\\/en\\\/\",\"name\":\"VALRESA\",\"description\":\"Barnices y pinturas para la madera\",\"potentialAction\":[{\"@type\":\"SearchAction\",\"target\":{\"@type\":\"EntryPoint\",\"urlTemplate\":\"https:\\\/\\\/valresa.com\\\/en\\\/?s={search_term_string}\"},\"query-input\":{\"@type\":\"PropertyValueSpecification\",\"valueRequired\":true,\"valueName\":\"search_term_string\"}}],\"inLanguage\":\"en-US\"}]}<\/script>\n<!-- \/ Yoast SEO plugin. -->","yoast_head_json":{"title":"SISTEMA BONDING - Valresa.com","description":"Pintura en polvo con una excelente uniformidad y efecto metalizado, con el m\u00ednimo aglomeramiento y tama\u00f1o de part\u00edculas.","robots":{"index":"index","follow":"follow","max-snippet":"max-snippet:-1","max-image-preview":"max-image-preview:large","max-video-preview":"max-video-preview:-1"},"canonical":"https:\/\/valresa.com\/en\/sistema-bonding\/","og_locale":"en_US","og_type":"article","og_title":"SISTEMA BONDING - Valresa.com","og_description":"Pintura en polvo con una excelente uniformidad y efecto metalizado, con el m\u00ednimo aglomeramiento y tama\u00f1o de part\u00edculas.","og_url":"https:\/\/valresa.com\/en\/sistema-bonding\/","og_site_name":"VALRESA","article_publisher":"https:\/\/www.facebook.com\/valresacoatings\/","article_modified_time":"2016-08-05T13:26:41+00:00","og_image":[{"url":"https:\/\/valresa.com\/wp-content\/uploads\/2016\/04\/descarga-wp.png","type":"","width":"","height":""}],"twitter_card":"summary_large_image","twitter_misc":{"Est. reading time":"4 minutes"},"schema":{"@context":"https:\/\/schema.org","@graph":[{"@type":"WebPage","@id":"https:\/\/valresa.com\/en\/sistema-bonding\/","url":"https:\/\/valresa.com\/en\/sistema-bonding\/","name":"SISTEMA BONDING - Valresa.com","isPartOf":{"@id":"https:\/\/valresa.com\/en\/#website"},"primaryImageOfPage":{"@id":"https:\/\/valresa.com\/en\/sistema-bonding\/#primaryimage"},"image":{"@id":"https:\/\/valresa.com\/en\/sistema-bonding\/#primaryimage"},"thumbnailUrl":"https:\/\/valresa.com\/wp-content\/uploads\/2016\/04\/descarga-wp.png","datePublished":"2016-07-20T09:20:07+00:00","dateModified":"2016-08-05T13:26:41+00:00","description":"Pintura en polvo con una excelente uniformidad y efecto metalizado, con el m\u00ednimo aglomeramiento y tama\u00f1o de part\u00edculas.","breadcrumb":{"@id":"https:\/\/valresa.com\/en\/sistema-bonding\/#breadcrumb"},"inLanguage":"en-US","potentialAction":[{"@type":"ReadAction","target":["https:\/\/valresa.com\/en\/sistema-bonding\/"]}]},{"@type":"ImageObject","inLanguage":"en-US","@id":"https:\/\/valresa.com\/en\/sistema-bonding\/#primaryimage","url":"https:\/\/valresa.com\/wp-content\/uploads\/2016\/04\/descarga-wp.png","contentUrl":"https:\/\/valresa.com\/wp-content\/uploads\/2016\/04\/descarga-wp.png"},{"@type":"BreadcrumbList","@id":"https:\/\/valresa.com\/en\/sistema-bonding\/#breadcrumb","itemListElement":[{"@type":"ListItem","position":1,"name":"Portada","item":"https:\/\/valresa.com\/en\/"},{"@type":"ListItem","position":2,"name":"SISTEMA BONDING"}]},{"@type":"WebSite","@id":"https:\/\/valresa.com\/en\/#website","url":"https:\/\/valresa.com\/en\/","name":"VALRESA","description":"Barnices y pinturas para la madera","potentialAction":[{"@type":"SearchAction","target":{"@type":"EntryPoint","urlTemplate":"https:\/\/valresa.com\/en\/?s={search_term_string}"},"query-input":{"@type":"PropertyValueSpecification","valueRequired":true,"valueName":"search_term_string"}}],"inLanguage":"en-US"}]}},"_links":{"self":[{"href":"https:\/\/valresa.com\/en\/wp-json\/wp\/v2\/pages\/8652","targetHints":{"allow":["GET"]}}],"collection":[{"href":"https:\/\/valresa.com\/en\/wp-json\/wp\/v2\/pages"}],"about":[{"href":"https:\/\/valresa.com\/en\/wp-json\/wp\/v2\/types\/page"}],"author":[{"embeddable":true,"href":"https:\/\/valresa.com\/en\/wp-json\/wp\/v2\/users\/1"}],"replies":[{"embeddable":true,"href":"https:\/\/valresa.com\/en\/wp-json\/wp\/v2\/comments?post=8652"}],"version-history":[{"count":0,"href":"https:\/\/valresa.com\/en\/wp-json\/wp\/v2\/pages\/8652\/revisions"}],"wp:attachment":[{"href":"https:\/\/valresa.com\/en\/wp-json\/wp\/v2\/media?parent=8652"}],"curies":[{"name":"wp","href":"https:\/\/api.w.org\/{rel}","templated":true}]}}