{"id":8642,"date":"2016-07-20T08:24:03","date_gmt":"2016-07-20T08:24:03","guid":{"rendered":"https:\/\/valresa.com\/en\/pintura-en-polvo\/pintura-en-polvo-especiales\/mdf-ee56\/"},"modified":"2016-08-05T13:23:56","modified_gmt":"2016-08-05T13:23:56","slug":"mdf-ee56","status":"publish","type":"page","link":"https:\/\/valresa.com\/en\/mdf-ee56\/","title":{"rendered":"MDF EE59"},"content":{"rendered":"[vc_row type=&#8221;in_container&#8221; scene_position=&#8221;center&#8221; text_color=&#8221;dark&#8221; text_align=&#8221;left&#8221; overlay_strength=&#8221;0.3&#8243;][vc_column column_padding=&#8221;no-extra-padding&#8221; column_padding_position=&#8221;all&#8221; background_color_opacity=&#8221;1&#8243; background_hover_color_opacity=&#8221;1&#8243; width=&#8221;1\/1&#8243;][vc_column_text css=&#8221;.vc_custom_1467267790061{margin-top: 40px !important;}&#8221;]\n<div><span class=\"nectar-dropcap\" style=\" color: #1e83ec;\">R <\/span><\/div>\n<p>ecubrimiento en polvo basado en resinas epoxidicas de muy alta reactividad, aporta un acabado decorativo con buena resistencia quimica , adecuado para ser utilizado en sustratos termo sensibles (MDF).<\/p>\n<h4><strong>Utilizaci\u00f3n<\/strong><\/h4>\n<p>Dispone de una multitud de usos sobre una amplia variedad de sustratos met\u00e1licos y termo sensibles.<br \/>\nMuebles para interior (MDF)<\/p>\n<h4><strong>Caracter\u00edsticas del producto<\/strong><\/h4>\n<p>No es aconsejable para uso en el exterior.<\/p>\n<p>Dureza Buchholz &gt;90<br \/>\nPlegado &gt;5 mm<br \/>\nAdherencia Gt:0<br \/>\nImpacto directo &gt;40 kg\/cm<br \/>\nImpacto reverso &gt;20 kg\/cm<br \/>\nRango de fusi\u00f3n 70 \u2013 90\u00baC (Kofler)<br \/>\nTiempo de gelificaci\u00f3n (180\u00baC) 40-80 sec.<br \/>\nTemperatura de transici\u00f3n (DSC) 67 \u00b10,5 \u00b0C<br \/>\nAcabado de la superficie Brillo, Semimate ,gofrado, texturado<br \/>\nDensidad 1,5-1,8 gr\/cm3 (dependiendo del color)<br \/>\nCaducidad 6 meses (&lt; 30\u00baC y &lt; 50% Humedad relativa<br \/>\nRango de brillo 60-95-% ( 60\u00b0) Dependiendo del acabado.<br \/>\nSistema: Adecuado para sistema electrost\u00e1tico, 60-80 kilovoltios (corona) tribo bajo demanda.<\/p>\n<h4><strong>Rango de polimerizaci\u00f3n<\/strong><\/h4>\n<p>120\u00baC Temperatura del metal: 15 minutos<br \/>\n130\u00baC Temperatura del metal: 10 minutos (Recomendado)<br \/>\n140\u00baC Temperatura del metal: 8 minutos<\/p>\n<h4><strong>Espesor<\/strong><\/h4>\n<h4><strong> Recomendado<\/strong><\/h4>\n<p>60-80 \u03bcm<\/p>\n<h4><strong>Rendimiento te\u00f3rico<\/strong><\/h4>\n<p>(Con un espesor 70 \u03bcm) 8-10 m2\/kg.<\/p>\n<p>El rendimiento depender\u00e1 de diferentes factores, como la densidad del producto, superficie aplicada y tipo de acabado.<\/p>\n<h4><strong>Preparaci\u00f3n de la superficie<\/strong><\/h4>\n<p>Las superficies deben ser desengrasadas y pre-tratadas adecuadamente para conseguir un rendimiento \u00f3ptimo de la pintura.<\/p>\n<p>Acero: Fosfataci\u00f3n amorfa \u00f3 micro-cristalina<\/p>\n<p>Acero galvanizado: Fosfataci\u00f3n micro-cristalina, cromatizaci\u00f3n o imprimaci\u00f3n fosfatante.<\/p>\n<p>Aluminio: Tratamientos de conversi\u00f3n cr\u00f3mica \u00f3 de conversi\u00f3n no cr\u00f3mica<\/p>\n<h4><strong>Proceso de aplicaci\u00f3n<\/strong><\/h4>\n<p>Presenta excelente cargabilidad y fluidez .Si la pintura estuviera compactada o contuviera humedad, puede requerir un acondicionamiento previo a su utilizaci\u00f3n durante varios minutos para que fluidifique uniformemente.<\/p>\n<p>Su almacenamiento se debe realizar en su envase original cerrado herm\u00e9ticamente y en un lugar fresco y seco con temperaturas inferiores a 30\u00baC.<\/p>\n<p>Los recubrimientos en polvo est\u00e1n compuestos de finas part\u00edculas. Respiradores \u00f3 mascaras deben ser utilizados cuando se est\u00e9 expuesto, para evitar su inhalaci\u00f3n.<\/p>\n<p>El aire utilizado en los equipos de pintado debe estar libre de aceite, humedad y part\u00edculas.<\/p>\n<p>Productos que contengan siliconas no deben ser utilizados en el \u00e1rea de pintado.<\/p>\n<p>Para la alimentaci\u00f3n del equipo de aplicaci\u00f3n directamente de la caja, debemos garantizar que la sonda de alimentaci\u00f3n, est\u00e9 completamente insertada en la pintura y utilizada seg\u00fan las recomendaciones del fabricante.<\/p>\n<p>Los puntos de contacto metal con metal se deben mantener limpios para asegurar una buena toma de tierra.<\/p>\n<p>La humedad relativa debe ser 50-60% para sistema electrost\u00e1tico corona, e inferior a 40% para sistema fricci\u00f3n \u00f3 tribo.<\/p>\n<p>Polimerizado, tiempo y temperatura seg\u00fan indicaciones en esta ficha t\u00e9cnica.<\/p>\n<p>El porcentaje de pintura reciclada debe ser supervisado para mantener la consistencia y uniformidad en la aplicaci\u00f3n.<\/p>\n<p>Se recomienda la tamizaci\u00f3n de la pintura antes de a\u00f1adir a la tolva, para evitar aglomeraciones y elementos extra\u00f1os.<\/p>\n<h4><strong>Mantenimiento de las superficies pintadas<\/strong><\/h4>\n<p>Los objetos pintados con este acabado deben ser solo lavados con agua caliente y detergente l\u00edquido con un pH neutro, y posteriormente enjuagados con agua corriente, para mantener la apariencia, aspecto y brillo inicial de la pel\u00edcula.<\/p>\n<p>No se recomienda el uso de limpiadores abrasivos, ni es el uso de disolventes org\u00e1nicos activos.<\/p>\n<div><\/div>\n[\/vc_column_text][\/vc_column][\/vc_row][vc_row type=&#8221;in_container&#8221; scene_position=&#8221;center&#8221; text_color=&#8221;dark&#8221; text_align=&#8221;left&#8221; overlay_strength=&#8221;0.3&#8243;][vc_column enable_animation=&#8221;true&#8221; animation=&#8221;fade-in-from-left&#8221; column_padding=&#8221;no-extra-padding&#8221; column_padding_position=&#8221;all&#8221; background_color_opacity=&#8221;1&#8243; background_hover_color_opacity=&#8221;1&#8243; background_image=&#8221;9353&#8243; enable_bg_scale=&#8221;true&#8221; top_margin=&#8221;40&#8243; width=&#8221;1\/1&#8243;][divider line_type=&#8221;No Line&#8221; custom_height=&#8221;300&#8243;][\/vc_column][\/vc_row][vc_row type=&#8221;in_container&#8221; scene_position=&#8221;center&#8221; text_color=&#8221;dark&#8221; text_align=&#8221;left&#8221; overlay_strength=&#8221;0.3&#8243;][vc_column column_padding=&#8221;no-extra-padding&#8221; column_padding_position=&#8221;all&#8221; background_color_opacity=&#8221;1&#8243; background_hover_color_opacity=&#8221;1&#8243; width=&#8221;1\/1&#8243;][vc_column_text]\n<h4><strong>Descargar Hoja T\u00e9cnica<br \/>\n<\/strong><\/h4>\n<p><a href=\"\/?page_id=8098\"><img loading=\"lazy\" decoding=\"async\" class=\"alignnone wp-image-8084\" src=\"https:\/\/valresa.com\/wp-content\/uploads\/2016\/04\/descarga-wp.png\" alt=\"descarga wp\" width=\"61\" height=\"61\" \/><\/a>[\/vc_column_text][\/vc_column][\/vc_row]\n","protected":false},"excerpt":{"rendered":"<p>[vc_row type=&#8221;in_container&#8221; scene_position=&#8221;center&#8221; text_color=&#8221;dark&#8221; text_align=&#8221;left&#8221; overlay_strength=&#8221;0.3&#8243;][vc_column column_padding=&#8221;no-extra-padding&#8221; column_padding_position=&#8221;all&#8221; background_color_opacity=&#8221;1&#8243; background_hover_color_opacity=&#8221;1&#8243; width=&#8221;1\/1&#8243;][vc_column_text css=&#8221;.vc_custom_1467267790061{margin-top: 40px !important;}&#8221;] ecubrimiento en polvo basado en resinas epoxidicas de muy alta reactividad, aporta un acabado decorativo con&#8230;<\/p>\n","protected":false},"author":1,"featured_media":0,"parent":0,"menu_order":0,"comment_status":"closed","ping_status":"closed","template":"","meta":{"footnotes":""},"class_list":["post-8642","page","type-page","status-publish"],"yoast_head":"<!-- This site is optimized with the Yoast SEO plugin v27.3 - https:\/\/yoast.com\/product\/yoast-seo-wordpress\/ -->\n<title>MDF EE59 - Valresa.com<\/title>\n<meta name=\"description\" content=\"La pintura en polvo basado en resinas epoxidicas de muy alta reactividad, aporta un acabado decorativo con buena resistencia quimica , adecuado para ser utilizado en sustratos termo sensibles (MDF).\" \/>\n<meta name=\"robots\" content=\"index, follow, max-snippet:-1, max-image-preview:large, max-video-preview:-1\" \/>\n<link rel=\"canonical\" href=\"https:\/\/valresa.com\/en\/mdf-ee56\/\" \/>\n<meta property=\"og:locale\" content=\"en_US\" \/>\n<meta property=\"og:type\" content=\"article\" \/>\n<meta property=\"og:title\" content=\"MDF EE59 - Valresa.com\" \/>\n<meta property=\"og:description\" content=\"La pintura en polvo basado en resinas epoxidicas de muy alta reactividad, aporta un acabado decorativo con buena resistencia quimica , adecuado para ser utilizado en sustratos termo sensibles (MDF).\" \/>\n<meta property=\"og:url\" content=\"https:\/\/valresa.com\/en\/mdf-ee56\/\" \/>\n<meta property=\"og:site_name\" content=\"VALRESA\" \/>\n<meta property=\"article:publisher\" content=\"https:\/\/www.facebook.com\/valresacoatings\/\" \/>\n<meta property=\"article:modified_time\" content=\"2016-08-05T13:23:56+00:00\" \/>\n<meta property=\"og:image\" content=\"https:\/\/valresa.com\/wp-content\/uploads\/2016\/04\/descarga-wp.png\" \/>\n<meta name=\"twitter:card\" content=\"summary_large_image\" \/>\n<meta name=\"twitter:label1\" content=\"Est. reading time\" \/>\n\t<meta name=\"twitter:data1\" content=\"4 minutes\" \/>\n<script type=\"application\/ld+json\" class=\"yoast-schema-graph\">{\"@context\":\"https:\\\/\\\/schema.org\",\"@graph\":[{\"@type\":\"WebPage\",\"@id\":\"https:\\\/\\\/valresa.com\\\/en\\\/mdf-ee56\\\/\",\"url\":\"https:\\\/\\\/valresa.com\\\/en\\\/mdf-ee56\\\/\",\"name\":\"MDF EE59 - Valresa.com\",\"isPartOf\":{\"@id\":\"https:\\\/\\\/valresa.com\\\/en\\\/#website\"},\"primaryImageOfPage\":{\"@id\":\"https:\\\/\\\/valresa.com\\\/en\\\/mdf-ee56\\\/#primaryimage\"},\"image\":{\"@id\":\"https:\\\/\\\/valresa.com\\\/en\\\/mdf-ee56\\\/#primaryimage\"},\"thumbnailUrl\":\"https:\\\/\\\/valresa.com\\\/wp-content\\\/uploads\\\/2016\\\/04\\\/descarga-wp.png\",\"datePublished\":\"2016-07-20T08:24:03+00:00\",\"dateModified\":\"2016-08-05T13:23:56+00:00\",\"description\":\"La pintura en polvo basado en resinas epoxidicas de muy alta reactividad, aporta un acabado decorativo con buena resistencia quimica , adecuado para ser utilizado en sustratos termo sensibles (MDF).\",\"breadcrumb\":{\"@id\":\"https:\\\/\\\/valresa.com\\\/en\\\/mdf-ee56\\\/#breadcrumb\"},\"inLanguage\":\"en-US\",\"potentialAction\":[{\"@type\":\"ReadAction\",\"target\":[\"https:\\\/\\\/valresa.com\\\/en\\\/mdf-ee56\\\/\"]}]},{\"@type\":\"ImageObject\",\"inLanguage\":\"en-US\",\"@id\":\"https:\\\/\\\/valresa.com\\\/en\\\/mdf-ee56\\\/#primaryimage\",\"url\":\"https:\\\/\\\/valresa.com\\\/wp-content\\\/uploads\\\/2016\\\/04\\\/descarga-wp.png\",\"contentUrl\":\"https:\\\/\\\/valresa.com\\\/wp-content\\\/uploads\\\/2016\\\/04\\\/descarga-wp.png\"},{\"@type\":\"BreadcrumbList\",\"@id\":\"https:\\\/\\\/valresa.com\\\/en\\\/mdf-ee56\\\/#breadcrumb\",\"itemListElement\":[{\"@type\":\"ListItem\",\"position\":1,\"name\":\"Portada\",\"item\":\"https:\\\/\\\/valresa.com\\\/en\\\/\"},{\"@type\":\"ListItem\",\"position\":2,\"name\":\"MDF EE59\"}]},{\"@type\":\"WebSite\",\"@id\":\"https:\\\/\\\/valresa.com\\\/en\\\/#website\",\"url\":\"https:\\\/\\\/valresa.com\\\/en\\\/\",\"name\":\"VALRESA\",\"description\":\"Barnices y pinturas para la madera\",\"potentialAction\":[{\"@type\":\"SearchAction\",\"target\":{\"@type\":\"EntryPoint\",\"urlTemplate\":\"https:\\\/\\\/valresa.com\\\/en\\\/?s={search_term_string}\"},\"query-input\":{\"@type\":\"PropertyValueSpecification\",\"valueRequired\":true,\"valueName\":\"search_term_string\"}}],\"inLanguage\":\"en-US\"}]}<\/script>\n<!-- \/ Yoast SEO plugin. -->","yoast_head_json":{"title":"MDF EE59 - Valresa.com","description":"La pintura en polvo basado en resinas epoxidicas de muy alta reactividad, aporta un acabado decorativo con buena resistencia quimica , adecuado para ser utilizado en sustratos termo sensibles (MDF).","robots":{"index":"index","follow":"follow","max-snippet":"max-snippet:-1","max-image-preview":"max-image-preview:large","max-video-preview":"max-video-preview:-1"},"canonical":"https:\/\/valresa.com\/en\/mdf-ee56\/","og_locale":"en_US","og_type":"article","og_title":"MDF EE59 - Valresa.com","og_description":"La pintura en polvo basado en resinas epoxidicas de muy alta reactividad, aporta un acabado decorativo con buena resistencia quimica , adecuado para ser utilizado en sustratos termo sensibles (MDF).","og_url":"https:\/\/valresa.com\/en\/mdf-ee56\/","og_site_name":"VALRESA","article_publisher":"https:\/\/www.facebook.com\/valresacoatings\/","article_modified_time":"2016-08-05T13:23:56+00:00","og_image":[{"url":"https:\/\/valresa.com\/wp-content\/uploads\/2016\/04\/descarga-wp.png","type":"","width":"","height":""}],"twitter_card":"summary_large_image","twitter_misc":{"Est. reading time":"4 minutes"},"schema":{"@context":"https:\/\/schema.org","@graph":[{"@type":"WebPage","@id":"https:\/\/valresa.com\/en\/mdf-ee56\/","url":"https:\/\/valresa.com\/en\/mdf-ee56\/","name":"MDF EE59 - Valresa.com","isPartOf":{"@id":"https:\/\/valresa.com\/en\/#website"},"primaryImageOfPage":{"@id":"https:\/\/valresa.com\/en\/mdf-ee56\/#primaryimage"},"image":{"@id":"https:\/\/valresa.com\/en\/mdf-ee56\/#primaryimage"},"thumbnailUrl":"https:\/\/valresa.com\/wp-content\/uploads\/2016\/04\/descarga-wp.png","datePublished":"2016-07-20T08:24:03+00:00","dateModified":"2016-08-05T13:23:56+00:00","description":"La pintura en polvo basado en resinas epoxidicas de muy alta reactividad, aporta un acabado decorativo con buena resistencia quimica , adecuado para ser utilizado en sustratos termo sensibles (MDF).","breadcrumb":{"@id":"https:\/\/valresa.com\/en\/mdf-ee56\/#breadcrumb"},"inLanguage":"en-US","potentialAction":[{"@type":"ReadAction","target":["https:\/\/valresa.com\/en\/mdf-ee56\/"]}]},{"@type":"ImageObject","inLanguage":"en-US","@id":"https:\/\/valresa.com\/en\/mdf-ee56\/#primaryimage","url":"https:\/\/valresa.com\/wp-content\/uploads\/2016\/04\/descarga-wp.png","contentUrl":"https:\/\/valresa.com\/wp-content\/uploads\/2016\/04\/descarga-wp.png"},{"@type":"BreadcrumbList","@id":"https:\/\/valresa.com\/en\/mdf-ee56\/#breadcrumb","itemListElement":[{"@type":"ListItem","position":1,"name":"Portada","item":"https:\/\/valresa.com\/en\/"},{"@type":"ListItem","position":2,"name":"MDF EE59"}]},{"@type":"WebSite","@id":"https:\/\/valresa.com\/en\/#website","url":"https:\/\/valresa.com\/en\/","name":"VALRESA","description":"Barnices y pinturas para la madera","potentialAction":[{"@type":"SearchAction","target":{"@type":"EntryPoint","urlTemplate":"https:\/\/valresa.com\/en\/?s={search_term_string}"},"query-input":{"@type":"PropertyValueSpecification","valueRequired":true,"valueName":"search_term_string"}}],"inLanguage":"en-US"}]}},"_links":{"self":[{"href":"https:\/\/valresa.com\/en\/wp-json\/wp\/v2\/pages\/8642","targetHints":{"allow":["GET"]}}],"collection":[{"href":"https:\/\/valresa.com\/en\/wp-json\/wp\/v2\/pages"}],"about":[{"href":"https:\/\/valresa.com\/en\/wp-json\/wp\/v2\/types\/page"}],"author":[{"embeddable":true,"href":"https:\/\/valresa.com\/en\/wp-json\/wp\/v2\/users\/1"}],"replies":[{"embeddable":true,"href":"https:\/\/valresa.com\/en\/wp-json\/wp\/v2\/comments?post=8642"}],"version-history":[{"count":0,"href":"https:\/\/valresa.com\/en\/wp-json\/wp\/v2\/pages\/8642\/revisions"}],"wp:attachment":[{"href":"https:\/\/valresa.com\/en\/wp-json\/wp\/v2\/media?parent=8642"}],"curies":[{"name":"wp","href":"https:\/\/api.w.org\/{rel}","templated":true}]}}