{"id":8634,"date":"2016-07-20T07:58:17","date_gmt":"2016-07-20T07:58:17","guid":{"rendered":"https:\/\/valresa.com\/en\/pintura-en-polvo\/pintura-en-polvo-especiales\/cromo-premium-2\/"},"modified":"2016-08-05T13:22:13","modified_gmt":"2016-08-05T13:22:13","slug":"cromo-premium-2","status":"publish","type":"page","link":"https:\/\/valresa.com\/en\/cromo-premium-2\/","title":{"rendered":"ANTICALORICA 330\u00ba EE56"},"content":{"rendered":"[vc_row type=&#8221;in_container&#8221; scene_position=&#8221;center&#8221; text_color=&#8221;dark&#8221; text_align=&#8221;left&#8221; overlay_strength=&#8221;0.3&#8243;][vc_column column_padding=&#8221;no-extra-padding&#8221; column_padding_position=&#8221;all&#8221; background_color_opacity=&#8221;1&#8243; background_hover_color_opacity=&#8221;1&#8243; width=&#8221;1\/1&#8243;][vc_column_text css=&#8221;.vc_custom_1467267790061{margin-top: 40px !important;}&#8221;]\n<div><span class=\"nectar-dropcap\" style=\" color: #1e83ec;\">R <\/span><\/div>\n<p>ecubrimiento en polvo basado en resinas de alta funcionalidad y endurecedores espec\u00edficos, como acabado, aporta una alta resistencia t\u00e9rmica.<\/p>\n<p>EE56 , resiste a una continuada exposici\u00f3n a altas temperaturas, 330\u00baC<\/p>\n<p>EE56 Est\u00e1 homologado por FDA, Puede estar en contacto con alimentos.<\/p>\n<h4><strong>Utilizaci\u00f3n<\/strong><\/h4>\n<p>Se recomienda su aplicaci\u00f3n sobre sustratos met\u00e1licos desengrasados sin pre tratar.<\/p>\n<p>A\u00e9reas de Aplicaci\u00f3n Utensilios de cocina, barbacoas y accesorios, elementos que generen calor.Como pintura protectora para equipos el\u00e9ctricos que operen a elevadas temperaturas etc.<\/p>\n<h4><strong>Caracter\u00edsticas del producto<\/strong><\/h4>\n<p>No es aconsejable para uso en el exterior.<\/p>\n<p>Dureza Buchholz &gt;100<br \/>\nDureza l\u00e1piz 3H<br \/>\nMandril c\u00f3nico 100 mm<br \/>\nAdherencia Gt =0<br \/>\nImpacto directo &gt;20 kg\/ cm<br \/>\nImpacto inverso &gt;10 kg\/cm<br \/>\nValor Tribo &gt;2,0\u03bcA (Kleber)<br \/>\nMelting Range 70 -90 \u00baC (Kofler)<br \/>\nGel Time (180 \u00baC) 40-50 sec<br \/>\nTg (DSC) 55,0 \u00b10,5 \u00b0C<\/p>\n<p>&nbsp;<\/p>\n<p><strong>Sistema <\/strong><\/p>\n<p>Adecuado para sistema electrost\u00e1tico, 60-80 kilovoltios (corona) y tribo el\u00e9ctrico<\/p>\n<p><strong>Color <\/strong><\/p>\n<p>Negro<\/p>\n<p><strong>Acabado\u00a0<\/strong><\/p>\n<p>BrilloGL \u2013 Semibrillo HR \u2013 Texturado ST<\/p>\n<p><strong>Densidad\u00a0<\/strong><\/p>\n<p>1,4 \u00b10,5 gr\/cm3<\/p>\n<p><strong>Caducidad<\/strong><\/p>\n<p>6 meses (&lt; 15 \u00baC and &lt; 50% RH)<\/p>\n<p><strong>Brillo inicial <\/strong><\/p>\n<p>60 \u2013 95% 60\u00b0 (para GL y HR)<\/p>\n<p><strong>Curado<\/strong><br \/>\n230\u00baC Temperatura del metal (\u00baC):10 minutos (Recomendado)<\/p>\n<p><strong>Espesor<\/strong><br \/>\nRecomendado: 60-80 \u03bcm<\/p>\n<p><strong>Rendimiento te\u00f3rico<\/strong><br \/>\n(Con un espesor 70 \u03bcm) 9-12 m2\/kg.<\/p>\n<p>El rendimiento depender\u00e1 de diferentes factores, como la densidad del producto, superficie aplicada y tipo de acabado.<\/p>\n<h4><strong>Preparaci\u00f3n de la superficie<\/strong><\/h4>\n<p>Preferible su aplicaci\u00f3n sobre superficies lijadas o arenadas.<\/p>\n<p>1 Hierro. Chorreado o arenado<br \/>\n2 Aluminio , zinc y otros metales no f\u00e9rricos : corind\u00f3n<\/p>\n<p>* Atencion! Debido a la alta temperatura utilizada en el polimerizado de EE56 o su posterior utilizaci\u00f3n, no se recomienda la utilizaci\u00f3n de pre tratamientos qu\u00edmicos de conversi\u00f3n.<\/p>\n<p>Las superficies deben ser desengrasadas adecuadamente para conseguir un rendimiento \u00f3ptimo de la pintura.<\/p>\n<h4><strong>Proceso de aplicaci\u00f3n<\/strong><\/h4>\n<p>Presenta excelente cargabilidad y fluidez .Si la pintura estuviera compactada o contuviera humedad, puede requerir un acondicionamiento previo a su utilizaci\u00f3n durante varios minutos para que fluidifique uniformemente.<br \/>\nSu almacenamiento se debe realizar en su envase original cerrado herm\u00e9ticamente y en un lugar fresco y seco con emperaturas inferiores a 30\u00baC.<br \/>\nLos recubrimientos en polvo est\u00e1n compuestos de finas part\u00edculas. Respiradores \u00f3 mascaras deben ser utilizados cuando se est\u00e9 expuesto, para evitar su inhalaci\u00f3n.<br \/>\nEl aire utilizado en los equipos de pintado debe estar libre de aceite, humedad y part\u00edculas.<\/p>\n<p>Los productos que contengan siliconas no deben ser utilizados en el \u00e1rea de pintado.<br \/>\nPara la alimentaci\u00f3n del equipo de aplicaci\u00f3n directamente de la caja, debemos garantizar que la sonda de alimentaci\u00f3n, est\u00e9 completamente insertada en la pintura y utilizada seg\u00fan las recomendaciones del fabricante.<br \/>\nLos puntos de contacto metal con metal se deben mantener limpios para asegurar una buena toma de tierra.<\/p>\n<p>La humedad relativa debe ser 50-60% para sistema electrost\u00e1tico corona, e inferior a 40% para sistema fricci\u00f3n \u00f3 tribo.<\/p>\n<p>Polimerizado, tiempo y temperatura seg\u00fan indicaciones en esta ficha t\u00e9cnica.<\/p>\n<p>El porcentaje de pintura reciclada debe ser supervisado para mantener la consistencia y uniformidad en la aplicaci\u00f3n.<\/p>\n<p>Se recomienda la tamizaci\u00f3n de la pintura antes de a\u00f1adir a la tolva, para evitar aglomeraciones y elementos extra\u00f1os.<\/p>\n<h4><strong>Mantenimiento de las superficies pintadas<\/strong><\/h4>\n<p>Los objetos pintados con este acabado deben ser solo lavados con agua caliente y detergente l\u00edquido con un pH neutro, y posteriormente enjuagados con agua corriente, para mantener la apariencia, aspecto y brillo inicial de la pel\u00edcula.<\/p>\n<p>No se recomienda el uso de limpiadores abrasivos, ni es el uso de disolventes org\u00e1nicos activos.<\/p>\n<div><\/div>\n[\/vc_column_text][\/vc_column][\/vc_row][vc_row type=&#8221;in_container&#8221; scene_position=&#8221;center&#8221; text_color=&#8221;dark&#8221; text_align=&#8221;left&#8221; overlay_strength=&#8221;0.3&#8243;][vc_column enable_animation=&#8221;true&#8221; animation=&#8221;fade-in-from-left&#8221; column_padding=&#8221;no-extra-padding&#8221; column_padding_position=&#8221;all&#8221; background_color_opacity=&#8221;1&#8243; background_hover_color_opacity=&#8221;1&#8243; background_image=&#8221;9463&#8243; enable_bg_scale=&#8221;true&#8221; top_margin=&#8221;40&#8243; width=&#8221;1\/1&#8243;][divider line_type=&#8221;No Line&#8221; custom_height=&#8221;300&#8243;][\/vc_column][\/vc_row][vc_row type=&#8221;in_container&#8221; scene_position=&#8221;center&#8221; text_color=&#8221;dark&#8221; text_align=&#8221;left&#8221; overlay_strength=&#8221;0.3&#8243;][vc_column column_padding=&#8221;no-extra-padding&#8221; column_padding_position=&#8221;all&#8221; background_color_opacity=&#8221;1&#8243; background_hover_color_opacity=&#8221;1&#8243; width=&#8221;1\/1&#8243;][vc_column_text]\n<h4><strong>Descargar Hoja T\u00e9cnica<br \/>\n<\/strong><\/h4>\n<p><a href=\"\/?page_id=8098\"><img loading=\"lazy\" decoding=\"async\" class=\"alignnone wp-image-8084\" src=\"https:\/\/valresa.com\/wp-content\/uploads\/2016\/04\/descarga-wp.png\" alt=\"descarga wp\" width=\"61\" height=\"61\" \/><\/a>[\/vc_column_text][\/vc_column][\/vc_row]\n","protected":false},"excerpt":{"rendered":"<p>[vc_row type=&#8221;in_container&#8221; scene_position=&#8221;center&#8221; text_color=&#8221;dark&#8221; text_align=&#8221;left&#8221; overlay_strength=&#8221;0.3&#8243;][vc_column column_padding=&#8221;no-extra-padding&#8221; column_padding_position=&#8221;all&#8221; background_color_opacity=&#8221;1&#8243; background_hover_color_opacity=&#8221;1&#8243; width=&#8221;1\/1&#8243;][vc_column_text css=&#8221;.vc_custom_1467267790061{margin-top: 40px !important;}&#8221;] ecubrimiento en polvo basado en resinas de alta funcionalidad y endurecedores espec\u00edficos, como acabado, aporta una&#8230;<\/p>\n","protected":false},"author":1,"featured_media":0,"parent":0,"menu_order":0,"comment_status":"closed","ping_status":"closed","template":"","meta":{"footnotes":""},"class_list":["post-8634","page","type-page","status-publish"],"yoast_head":"<!-- This site is optimized with the Yoast SEO plugin v27.3 - https:\/\/yoast.com\/product\/yoast-seo-wordpress\/ -->\n<title>ANTICALORICA 330\u00ba EE56 - Valresa.com<\/title>\n<meta name=\"description\" content=\"La pintura en polvo en polvo en polvo basado en resinas de alta funcionalidad y endurecedores espec\u00edficos, como acabado, aporta una alta resistencia t\u00e9rmica.\" \/>\n<meta name=\"robots\" content=\"index, follow, max-snippet:-1, max-image-preview:large, max-video-preview:-1\" \/>\n<link rel=\"canonical\" href=\"https:\/\/valresa.com\/en\/cromo-premium-2\/\" \/>\n<meta property=\"og:locale\" content=\"en_US\" \/>\n<meta property=\"og:type\" content=\"article\" \/>\n<meta property=\"og:title\" content=\"ANTICALORICA 330\u00ba EE56 - Valresa.com\" \/>\n<meta property=\"og:description\" content=\"La pintura en polvo en polvo en polvo basado en resinas de alta funcionalidad y endurecedores espec\u00edficos, como acabado, aporta una alta resistencia t\u00e9rmica.\" \/>\n<meta property=\"og:url\" content=\"https:\/\/valresa.com\/en\/cromo-premium-2\/\" \/>\n<meta property=\"og:site_name\" content=\"VALRESA\" \/>\n<meta property=\"article:publisher\" content=\"https:\/\/www.facebook.com\/valresacoatings\/\" \/>\n<meta property=\"article:modified_time\" content=\"2016-08-05T13:22:13+00:00\" \/>\n<meta property=\"og:image\" content=\"https:\/\/valresa.com\/wp-content\/uploads\/2016\/04\/descarga-wp.png\" \/>\n<meta name=\"twitter:card\" content=\"summary_large_image\" \/>\n<meta name=\"twitter:label1\" content=\"Est. reading time\" \/>\n\t<meta name=\"twitter:data1\" content=\"4 minutes\" \/>\n<script type=\"application\/ld+json\" class=\"yoast-schema-graph\">{\"@context\":\"https:\\\/\\\/schema.org\",\"@graph\":[{\"@type\":\"WebPage\",\"@id\":\"https:\\\/\\\/valresa.com\\\/en\\\/cromo-premium-2\\\/\",\"url\":\"https:\\\/\\\/valresa.com\\\/en\\\/cromo-premium-2\\\/\",\"name\":\"ANTICALORICA 330\u00ba EE56 - Valresa.com\",\"isPartOf\":{\"@id\":\"https:\\\/\\\/valresa.com\\\/en\\\/#website\"},\"primaryImageOfPage\":{\"@id\":\"https:\\\/\\\/valresa.com\\\/en\\\/cromo-premium-2\\\/#primaryimage\"},\"image\":{\"@id\":\"https:\\\/\\\/valresa.com\\\/en\\\/cromo-premium-2\\\/#primaryimage\"},\"thumbnailUrl\":\"https:\\\/\\\/valresa.com\\\/wp-content\\\/uploads\\\/2016\\\/04\\\/descarga-wp.png\",\"datePublished\":\"2016-07-20T07:58:17+00:00\",\"dateModified\":\"2016-08-05T13:22:13+00:00\",\"description\":\"La pintura en polvo en polvo en polvo basado en resinas de alta funcionalidad y endurecedores espec\u00edficos, como acabado, aporta una alta resistencia t\u00e9rmica.\",\"breadcrumb\":{\"@id\":\"https:\\\/\\\/valresa.com\\\/en\\\/cromo-premium-2\\\/#breadcrumb\"},\"inLanguage\":\"en-US\",\"potentialAction\":[{\"@type\":\"ReadAction\",\"target\":[\"https:\\\/\\\/valresa.com\\\/en\\\/cromo-premium-2\\\/\"]}]},{\"@type\":\"ImageObject\",\"inLanguage\":\"en-US\",\"@id\":\"https:\\\/\\\/valresa.com\\\/en\\\/cromo-premium-2\\\/#primaryimage\",\"url\":\"https:\\\/\\\/valresa.com\\\/wp-content\\\/uploads\\\/2016\\\/04\\\/descarga-wp.png\",\"contentUrl\":\"https:\\\/\\\/valresa.com\\\/wp-content\\\/uploads\\\/2016\\\/04\\\/descarga-wp.png\"},{\"@type\":\"BreadcrumbList\",\"@id\":\"https:\\\/\\\/valresa.com\\\/en\\\/cromo-premium-2\\\/#breadcrumb\",\"itemListElement\":[{\"@type\":\"ListItem\",\"position\":1,\"name\":\"Portada\",\"item\":\"https:\\\/\\\/valresa.com\\\/en\\\/\"},{\"@type\":\"ListItem\",\"position\":2,\"name\":\"ANTICALORICA 330\u00ba EE56\"}]},{\"@type\":\"WebSite\",\"@id\":\"https:\\\/\\\/valresa.com\\\/en\\\/#website\",\"url\":\"https:\\\/\\\/valresa.com\\\/en\\\/\",\"name\":\"VALRESA\",\"description\":\"Barnices y pinturas para la madera\",\"potentialAction\":[{\"@type\":\"SearchAction\",\"target\":{\"@type\":\"EntryPoint\",\"urlTemplate\":\"https:\\\/\\\/valresa.com\\\/en\\\/?s={search_term_string}\"},\"query-input\":{\"@type\":\"PropertyValueSpecification\",\"valueRequired\":true,\"valueName\":\"search_term_string\"}}],\"inLanguage\":\"en-US\"}]}<\/script>\n<!-- \/ Yoast SEO plugin. -->","yoast_head_json":{"title":"ANTICALORICA 330\u00ba EE56 - Valresa.com","description":"La pintura en polvo en polvo en polvo basado en resinas de alta funcionalidad y endurecedores espec\u00edficos, como acabado, aporta una alta resistencia t\u00e9rmica.","robots":{"index":"index","follow":"follow","max-snippet":"max-snippet:-1","max-image-preview":"max-image-preview:large","max-video-preview":"max-video-preview:-1"},"canonical":"https:\/\/valresa.com\/en\/cromo-premium-2\/","og_locale":"en_US","og_type":"article","og_title":"ANTICALORICA 330\u00ba EE56 - Valresa.com","og_description":"La pintura en polvo en polvo en polvo basado en resinas de alta funcionalidad y endurecedores espec\u00edficos, como acabado, aporta una alta resistencia t\u00e9rmica.","og_url":"https:\/\/valresa.com\/en\/cromo-premium-2\/","og_site_name":"VALRESA","article_publisher":"https:\/\/www.facebook.com\/valresacoatings\/","article_modified_time":"2016-08-05T13:22:13+00:00","og_image":[{"url":"https:\/\/valresa.com\/wp-content\/uploads\/2016\/04\/descarga-wp.png","type":"","width":"","height":""}],"twitter_card":"summary_large_image","twitter_misc":{"Est. reading time":"4 minutes"},"schema":{"@context":"https:\/\/schema.org","@graph":[{"@type":"WebPage","@id":"https:\/\/valresa.com\/en\/cromo-premium-2\/","url":"https:\/\/valresa.com\/en\/cromo-premium-2\/","name":"ANTICALORICA 330\u00ba EE56 - Valresa.com","isPartOf":{"@id":"https:\/\/valresa.com\/en\/#website"},"primaryImageOfPage":{"@id":"https:\/\/valresa.com\/en\/cromo-premium-2\/#primaryimage"},"image":{"@id":"https:\/\/valresa.com\/en\/cromo-premium-2\/#primaryimage"},"thumbnailUrl":"https:\/\/valresa.com\/wp-content\/uploads\/2016\/04\/descarga-wp.png","datePublished":"2016-07-20T07:58:17+00:00","dateModified":"2016-08-05T13:22:13+00:00","description":"La pintura en polvo en polvo en polvo basado en resinas de alta funcionalidad y endurecedores espec\u00edficos, como acabado, aporta una alta resistencia t\u00e9rmica.","breadcrumb":{"@id":"https:\/\/valresa.com\/en\/cromo-premium-2\/#breadcrumb"},"inLanguage":"en-US","potentialAction":[{"@type":"ReadAction","target":["https:\/\/valresa.com\/en\/cromo-premium-2\/"]}]},{"@type":"ImageObject","inLanguage":"en-US","@id":"https:\/\/valresa.com\/en\/cromo-premium-2\/#primaryimage","url":"https:\/\/valresa.com\/wp-content\/uploads\/2016\/04\/descarga-wp.png","contentUrl":"https:\/\/valresa.com\/wp-content\/uploads\/2016\/04\/descarga-wp.png"},{"@type":"BreadcrumbList","@id":"https:\/\/valresa.com\/en\/cromo-premium-2\/#breadcrumb","itemListElement":[{"@type":"ListItem","position":1,"name":"Portada","item":"https:\/\/valresa.com\/en\/"},{"@type":"ListItem","position":2,"name":"ANTICALORICA 330\u00ba EE56"}]},{"@type":"WebSite","@id":"https:\/\/valresa.com\/en\/#website","url":"https:\/\/valresa.com\/en\/","name":"VALRESA","description":"Barnices y pinturas para la madera","potentialAction":[{"@type":"SearchAction","target":{"@type":"EntryPoint","urlTemplate":"https:\/\/valresa.com\/en\/?s={search_term_string}"},"query-input":{"@type":"PropertyValueSpecification","valueRequired":true,"valueName":"search_term_string"}}],"inLanguage":"en-US"}]}},"_links":{"self":[{"href":"https:\/\/valresa.com\/en\/wp-json\/wp\/v2\/pages\/8634","targetHints":{"allow":["GET"]}}],"collection":[{"href":"https:\/\/valresa.com\/en\/wp-json\/wp\/v2\/pages"}],"about":[{"href":"https:\/\/valresa.com\/en\/wp-json\/wp\/v2\/types\/page"}],"author":[{"embeddable":true,"href":"https:\/\/valresa.com\/en\/wp-json\/wp\/v2\/users\/1"}],"replies":[{"embeddable":true,"href":"https:\/\/valresa.com\/en\/wp-json\/wp\/v2\/comments?post=8634"}],"version-history":[{"count":0,"href":"https:\/\/valresa.com\/en\/wp-json\/wp\/v2\/pages\/8634\/revisions"}],"wp:attachment":[{"href":"https:\/\/valresa.com\/en\/wp-json\/wp\/v2\/media?parent=8634"}],"curies":[{"name":"wp","href":"https:\/\/api.w.org\/{rel}","templated":true}]}}