{"id":8628,"date":"2016-07-20T07:15:57","date_gmt":"2016-07-20T07:15:57","guid":{"rendered":"https:\/\/valresa.com\/en\/pintura-en-polvo\/pintura-en-polvo-especiales\/cromo-premium\/"},"modified":"2016-08-05T13:20:48","modified_gmt":"2016-08-05T13:20:48","slug":"cromo-premium","status":"publish","type":"page","link":"https:\/\/valresa.com\/en\/cromo-premium\/","title":{"rendered":"CROMO PREMIUM"},"content":{"rendered":"[vc_row type=&#8221;in_container&#8221; scene_position=&#8221;center&#8221; text_color=&#8221;dark&#8221; text_align=&#8221;left&#8221; overlay_strength=&#8221;0.3&#8243;][vc_column column_padding=&#8221;no-extra-padding&#8221; column_padding_position=&#8221;all&#8221; background_color_opacity=&#8221;1&#8243; background_hover_color_opacity=&#8221;1&#8243; width=&#8221;1\/1&#8243;][vc_column_text css=&#8221;.vc_custom_1467267790061{margin-top: 40px !important;}&#8221;]\n<div><span class=\"nectar-dropcap\" style=\" color: #1e83ec;\">R <\/span><\/div>\n<p>ecubrimiento en polvo en polvo que imita perfectamente el brillo y acabado metalizado de una superficie cromatizada, aportando un acabado excelente.<\/p>\n<p>Se requiere la utilizaci\u00f3n de un recubrimiento transparente para evitar cualquier da\u00f1o causado por el rozamiento o manejo de la pieza pintada.<\/p>\n<h4><strong>Utilizaci\u00f3n<\/strong><\/h4>\n<p>Dispone de una multitud de usos sobre una amplia variedad de sustratos met\u00e1licos incluyendo acero y aluminio.<\/p>\n<p>Muebles de oficina, iluminaci\u00f3n, electrodom\u00e9sticos l\u00ednea blanca, equipamiento electr\u00f3nico, y en general todo tipo de objetos que vayan destinados al interior.<\/p>\n<h4><strong>Caracter\u00edsticas del producto<\/strong><\/h4>\n<p><strong>Densidad<\/strong><br \/>\n1,2 &#8211; 1,3 gr\/cm3<br \/>\n<strong>Caducidad<\/strong><br \/>\n12meses (&lt; 30\u00baC y &lt; 50% Humedad relativa<\/p>\n<p><strong>Rango de brillo<\/strong><br \/>\nAcabo brillante.<\/p>\n<p><strong>Sistema<\/strong><br \/>\nAdecuado para sistema electrost\u00e1tico, 60-80 kilovoltios (corona)<\/p>\n<p><strong>Curado<\/strong><br \/>\n170\u00baC Temperatura del metal (\u00baC):15 minutos<br \/>\n180\u00baC Temperatura del metal (\u00baC):10 minutos (Recomendado)<br \/>\n190\u00baC Temperatura del metal (\u00baC): 8 minutos<\/p>\n<p><strong>Espesor<\/strong><br \/>\nRecomendado: 60-80 \u03bcm<\/p>\n<p><strong>Rendimiento te\u00f3rico<\/strong><br \/>\n(Con un espesor 70 \u03bcm) 10-12 m2\/kg.<\/p>\n<p>El rendimiento depender\u00e1 de diferentes factores, como la densidad del producto, superficie aplicada y tipo de acabado.<\/p>\n<div><\/div>\n[\/vc_column_text][\/vc_column][\/vc_row][vc_row type=&#8221;in_container&#8221; scene_position=&#8221;center&#8221; text_color=&#8221;dark&#8221; text_align=&#8221;left&#8221; overlay_strength=&#8221;0.3&#8243;][vc_column enable_animation=&#8221;true&#8221; animation=&#8221;fade-in-from-left&#8221; column_padding=&#8221;no-extra-padding&#8221; column_padding_position=&#8221;all&#8221; background_color_opacity=&#8221;1&#8243; background_hover_color_opacity=&#8221;1&#8243; background_image=&#8221;9353&#8243; enable_bg_scale=&#8221;true&#8221; top_margin=&#8221;40&#8243; width=&#8221;1\/1&#8243;][divider line_type=&#8221;No Line&#8221; custom_height=&#8221;300&#8243;][\/vc_column][\/vc_row][vc_row type=&#8221;in_container&#8221; scene_position=&#8221;center&#8221; text_color=&#8221;dark&#8221; text_align=&#8221;left&#8221; overlay_strength=&#8221;0.3&#8243;][vc_column column_padding=&#8221;no-extra-padding&#8221; column_padding_position=&#8221;all&#8221; background_color_opacity=&#8221;1&#8243; background_hover_color_opacity=&#8221;1&#8243; width=&#8221;1\/1&#8243;][vc_column_text]\n<h4><strong>Descargar Hoja T\u00e9cnica<br \/>\n<\/strong><\/h4>\n<p><a href=\"\/?page_id=8098\"><img loading=\"lazy\" decoding=\"async\" class=\"alignnone wp-image-8084\" src=\"https:\/\/valresa.com\/wp-content\/uploads\/2016\/04\/descarga-wp.png\" alt=\"descarga wp\" width=\"61\" height=\"61\" \/><\/a>[\/vc_column_text][\/vc_column][\/vc_row]\n","protected":false},"excerpt":{"rendered":"<p>[vc_row type=&#8221;in_container&#8221; scene_position=&#8221;center&#8221; text_color=&#8221;dark&#8221; text_align=&#8221;left&#8221; overlay_strength=&#8221;0.3&#8243;][vc_column column_padding=&#8221;no-extra-padding&#8221; column_padding_position=&#8221;all&#8221; background_color_opacity=&#8221;1&#8243; background_hover_color_opacity=&#8221;1&#8243; width=&#8221;1\/1&#8243;][vc_column_text css=&#8221;.vc_custom_1467267790061{margin-top: 40px !important;}&#8221;] ecubrimiento en polvo en polvo que imita perfectamente el brillo y acabado metalizado de una superficie&#8230;<\/p>\n","protected":false},"author":1,"featured_media":0,"parent":0,"menu_order":0,"comment_status":"closed","ping_status":"closed","template":"","meta":{"footnotes":""},"class_list":["post-8628","page","type-page","status-publish"],"yoast_head":"<!-- This site is optimized with the Yoast SEO plugin v27.3 - https:\/\/yoast.com\/product\/yoast-seo-wordpress\/ -->\n<title>CROMO PREMIUM - Valresa.com<\/title>\n<meta name=\"description\" content=\"La pintura en polvo en polvo en polvo que imita perfectamente el brillo y acabado metalizado de una superficie cromatizada, aportando un acabado excelente.\" \/>\n<meta name=\"robots\" content=\"index, follow, max-snippet:-1, max-image-preview:large, max-video-preview:-1\" \/>\n<link rel=\"canonical\" href=\"https:\/\/valresa.com\/en\/cromo-premium\/\" \/>\n<meta property=\"og:locale\" content=\"en_US\" \/>\n<meta property=\"og:type\" content=\"article\" \/>\n<meta property=\"og:title\" content=\"CROMO PREMIUM - Valresa.com\" \/>\n<meta property=\"og:description\" content=\"La pintura en polvo en polvo en polvo que imita perfectamente el brillo y acabado metalizado de una superficie cromatizada, aportando un acabado excelente.\" \/>\n<meta property=\"og:url\" content=\"https:\/\/valresa.com\/en\/cromo-premium\/\" \/>\n<meta property=\"og:site_name\" content=\"VALRESA\" \/>\n<meta property=\"article:publisher\" content=\"https:\/\/www.facebook.com\/valresacoatings\/\" \/>\n<meta property=\"article:modified_time\" content=\"2016-08-05T13:20:48+00:00\" \/>\n<meta property=\"og:image\" content=\"https:\/\/valresa.com\/wp-content\/uploads\/2016\/04\/descarga-wp.png\" \/>\n<meta name=\"twitter:card\" content=\"summary_large_image\" \/>\n<meta name=\"twitter:label1\" content=\"Est. reading time\" \/>\n\t<meta name=\"twitter:data1\" content=\"2 minutes\" \/>\n<script type=\"application\/ld+json\" class=\"yoast-schema-graph\">{\"@context\":\"https:\\\/\\\/schema.org\",\"@graph\":[{\"@type\":\"WebPage\",\"@id\":\"https:\\\/\\\/valresa.com\\\/en\\\/cromo-premium\\\/\",\"url\":\"https:\\\/\\\/valresa.com\\\/en\\\/cromo-premium\\\/\",\"name\":\"CROMO PREMIUM - Valresa.com\",\"isPartOf\":{\"@id\":\"https:\\\/\\\/valresa.com\\\/en\\\/#website\"},\"primaryImageOfPage\":{\"@id\":\"https:\\\/\\\/valresa.com\\\/en\\\/cromo-premium\\\/#primaryimage\"},\"image\":{\"@id\":\"https:\\\/\\\/valresa.com\\\/en\\\/cromo-premium\\\/#primaryimage\"},\"thumbnailUrl\":\"https:\\\/\\\/valresa.com\\\/wp-content\\\/uploads\\\/2016\\\/04\\\/descarga-wp.png\",\"datePublished\":\"2016-07-20T07:15:57+00:00\",\"dateModified\":\"2016-08-05T13:20:48+00:00\",\"description\":\"La pintura en polvo en polvo en polvo que imita perfectamente el brillo y acabado metalizado de una superficie cromatizada, aportando un acabado excelente.\",\"breadcrumb\":{\"@id\":\"https:\\\/\\\/valresa.com\\\/en\\\/cromo-premium\\\/#breadcrumb\"},\"inLanguage\":\"en-US\",\"potentialAction\":[{\"@type\":\"ReadAction\",\"target\":[\"https:\\\/\\\/valresa.com\\\/en\\\/cromo-premium\\\/\"]}]},{\"@type\":\"ImageObject\",\"inLanguage\":\"en-US\",\"@id\":\"https:\\\/\\\/valresa.com\\\/en\\\/cromo-premium\\\/#primaryimage\",\"url\":\"https:\\\/\\\/valresa.com\\\/wp-content\\\/uploads\\\/2016\\\/04\\\/descarga-wp.png\",\"contentUrl\":\"https:\\\/\\\/valresa.com\\\/wp-content\\\/uploads\\\/2016\\\/04\\\/descarga-wp.png\"},{\"@type\":\"BreadcrumbList\",\"@id\":\"https:\\\/\\\/valresa.com\\\/en\\\/cromo-premium\\\/#breadcrumb\",\"itemListElement\":[{\"@type\":\"ListItem\",\"position\":1,\"name\":\"Portada\",\"item\":\"https:\\\/\\\/valresa.com\\\/en\\\/\"},{\"@type\":\"ListItem\",\"position\":2,\"name\":\"CROMO PREMIUM\"}]},{\"@type\":\"WebSite\",\"@id\":\"https:\\\/\\\/valresa.com\\\/en\\\/#website\",\"url\":\"https:\\\/\\\/valresa.com\\\/en\\\/\",\"name\":\"VALRESA\",\"description\":\"Barnices y pinturas para la madera\",\"potentialAction\":[{\"@type\":\"SearchAction\",\"target\":{\"@type\":\"EntryPoint\",\"urlTemplate\":\"https:\\\/\\\/valresa.com\\\/en\\\/?s={search_term_string}\"},\"query-input\":{\"@type\":\"PropertyValueSpecification\",\"valueRequired\":true,\"valueName\":\"search_term_string\"}}],\"inLanguage\":\"en-US\"}]}<\/script>\n<!-- \/ Yoast SEO plugin. -->","yoast_head_json":{"title":"CROMO PREMIUM - Valresa.com","description":"La pintura en polvo en polvo en polvo que imita perfectamente el brillo y acabado metalizado de una superficie cromatizada, aportando un acabado excelente.","robots":{"index":"index","follow":"follow","max-snippet":"max-snippet:-1","max-image-preview":"max-image-preview:large","max-video-preview":"max-video-preview:-1"},"canonical":"https:\/\/valresa.com\/en\/cromo-premium\/","og_locale":"en_US","og_type":"article","og_title":"CROMO PREMIUM - Valresa.com","og_description":"La pintura en polvo en polvo en polvo que imita perfectamente el brillo y acabado metalizado de una superficie cromatizada, aportando un acabado excelente.","og_url":"https:\/\/valresa.com\/en\/cromo-premium\/","og_site_name":"VALRESA","article_publisher":"https:\/\/www.facebook.com\/valresacoatings\/","article_modified_time":"2016-08-05T13:20:48+00:00","og_image":[{"url":"https:\/\/valresa.com\/wp-content\/uploads\/2016\/04\/descarga-wp.png","type":"","width":"","height":""}],"twitter_card":"summary_large_image","twitter_misc":{"Est. reading time":"2 minutes"},"schema":{"@context":"https:\/\/schema.org","@graph":[{"@type":"WebPage","@id":"https:\/\/valresa.com\/en\/cromo-premium\/","url":"https:\/\/valresa.com\/en\/cromo-premium\/","name":"CROMO PREMIUM - Valresa.com","isPartOf":{"@id":"https:\/\/valresa.com\/en\/#website"},"primaryImageOfPage":{"@id":"https:\/\/valresa.com\/en\/cromo-premium\/#primaryimage"},"image":{"@id":"https:\/\/valresa.com\/en\/cromo-premium\/#primaryimage"},"thumbnailUrl":"https:\/\/valresa.com\/wp-content\/uploads\/2016\/04\/descarga-wp.png","datePublished":"2016-07-20T07:15:57+00:00","dateModified":"2016-08-05T13:20:48+00:00","description":"La pintura en polvo en polvo en polvo que imita perfectamente el brillo y acabado metalizado de una superficie cromatizada, aportando un acabado excelente.","breadcrumb":{"@id":"https:\/\/valresa.com\/en\/cromo-premium\/#breadcrumb"},"inLanguage":"en-US","potentialAction":[{"@type":"ReadAction","target":["https:\/\/valresa.com\/en\/cromo-premium\/"]}]},{"@type":"ImageObject","inLanguage":"en-US","@id":"https:\/\/valresa.com\/en\/cromo-premium\/#primaryimage","url":"https:\/\/valresa.com\/wp-content\/uploads\/2016\/04\/descarga-wp.png","contentUrl":"https:\/\/valresa.com\/wp-content\/uploads\/2016\/04\/descarga-wp.png"},{"@type":"BreadcrumbList","@id":"https:\/\/valresa.com\/en\/cromo-premium\/#breadcrumb","itemListElement":[{"@type":"ListItem","position":1,"name":"Portada","item":"https:\/\/valresa.com\/en\/"},{"@type":"ListItem","position":2,"name":"CROMO PREMIUM"}]},{"@type":"WebSite","@id":"https:\/\/valresa.com\/en\/#website","url":"https:\/\/valresa.com\/en\/","name":"VALRESA","description":"Barnices y pinturas para la madera","potentialAction":[{"@type":"SearchAction","target":{"@type":"EntryPoint","urlTemplate":"https:\/\/valresa.com\/en\/?s={search_term_string}"},"query-input":{"@type":"PropertyValueSpecification","valueRequired":true,"valueName":"search_term_string"}}],"inLanguage":"en-US"}]}},"_links":{"self":[{"href":"https:\/\/valresa.com\/en\/wp-json\/wp\/v2\/pages\/8628","targetHints":{"allow":["GET"]}}],"collection":[{"href":"https:\/\/valresa.com\/en\/wp-json\/wp\/v2\/pages"}],"about":[{"href":"https:\/\/valresa.com\/en\/wp-json\/wp\/v2\/types\/page"}],"author":[{"embeddable":true,"href":"https:\/\/valresa.com\/en\/wp-json\/wp\/v2\/users\/1"}],"replies":[{"embeddable":true,"href":"https:\/\/valresa.com\/en\/wp-json\/wp\/v2\/comments?post=8628"}],"version-history":[{"count":0,"href":"https:\/\/valresa.com\/en\/wp-json\/wp\/v2\/pages\/8628\/revisions"}],"wp:attachment":[{"href":"https:\/\/valresa.com\/en\/wp-json\/wp\/v2\/media?parent=8628"}],"curies":[{"name":"wp","href":"https:\/\/api.w.org\/{rel}","templated":true}]}}