{"id":7387,"date":"2016-04-13T07:45:53","date_gmt":"2016-04-13T07:45:53","guid":{"rendered":"http:\/\/178.255.225.103\/~valresa\/en\/pintura-en-polvo-2\/pintura-en-polvo-epoxi-poliester\/epoxi-poliester-ff35\/"},"modified":"2016-08-05T13:11:17","modified_gmt":"2016-08-05T13:11:17","slug":"epoxi-poliester-ff35","status":"publish","type":"page","link":"https:\/\/valresa.com\/en\/epoxi-poliester-ff35\/","title":{"rendered":"EPOXI POLIESTER FF35"},"content":{"rendered":"[vc_row type=&#8221;in_container&#8221; scene_position=&#8221;center&#8221; text_color=&#8221;dark&#8221; text_align=&#8221;left&#8221; overlay_strength=&#8221;0.3&#8243;][vc_column column_padding=&#8221;no-extra-padding&#8221; column_padding_position=&#8221;all&#8221; background_color_opacity=&#8221;1&#8243; background_hover_color_opacity=&#8221;1&#8243; top_margin=&#8221;20&#8243; width=&#8221;1\/1&#8243;][vc_column_text css=&#8221;.vc_custom_1467373579223{margin-top: 40px !important;}&#8221;]\n<div>\n<div>\n<div>\n<div>\n<div>\n<div>\n<div>\n<div>\n<div>\n<div>\n<h4><strong>Descripci\u00f3n T\u00e9cnica<br \/>\n<\/strong><\/h4>\n<p>Recubrimiento en polvo termoendurecible formulado con resinas de poli\u00e9ster y epoxi. Acabado mate con muy buena extensibilidad, presenta una excelente resistencia al amarilleo por sobre estufado.<\/p>\n<h4><strong>Areas de aplicaci\u00f3n<br \/>\n<\/strong><\/h4>\n<p>Dispone de una multitud de usos sobre una amplia variedad de sustratos met\u00e1licos incluyendo acero y aluminio.\u00a0Muebles de oficina, estanter\u00edas, iluminaci\u00f3n y en general todo tipo de objetos que vayan destinados al interior.<\/p>\n<h4><strong>Brillo<br \/>\n<\/strong><\/h4>\n<p>25 % (60 \u00b0) Dependiendo del acabado.<\/p>\n<h4><strong>Curado<\/strong><\/h4>\n<p>T. metal 170\u00baC durante 15 min.<br \/>\nT. metal 180\u00baC durante 10 min. (recomendado)<br \/>\nT. metal 190\u00baC durante 8 min.<\/p>\n<div><\/div>\n<\/div>\n[\/vc_column_text][\/vc_column][\/vc_row][vc_row type=&#8221;in_container&#8221; scene_position=&#8221;center&#8221; text_color=&#8221;dark&#8221; text_align=&#8221;left&#8221; overlay_strength=&#8221;0.3&#8243;][vc_column enable_animation=&#8221;true&#8221; animation=&#8221;fade-in-from-left&#8221; column_padding=&#8221;no-extra-padding&#8221; column_padding_position=&#8221;all&#8221; background_color_opacity=&#8221;1&#8243; background_hover_color_opacity=&#8221;1&#8243; background_image=&#8221;9469&#8243; enable_bg_scale=&#8221;true&#8221; width=&#8221;1\/1&#8243;][divider line_type=&#8221;No Line&#8221; custom_height=&#8221;300&#8243;][\/vc_column][\/vc_row][vc_column column_padding=&#8221;no-extra-padding&#8221; column_padding_position=&#8221;all&#8221; background_color_opacity=&#8221;1&#8243; background_hover_color_opacity=&#8221;1&#8243; width=&#8221;1\/2&#8243;][\/vc_column][vc_row type=&#8221;in_container&#8221; scene_position=&#8221;center&#8221; text_color=&#8221;dark&#8221; text_align=&#8221;left&#8221; overlay_strength=&#8221;0.3&#8243;][vc_column column_padding=&#8221;no-extra-padding&#8221; column_padding_position=&#8221;all&#8221; background_color_opacity=&#8221;1&#8243; background_hover_color_opacity=&#8221;1&#8243; width=&#8221;1\/1&#8243;][vc_column_text]\n<h4><strong>Descargar Hoja T\u00e9cnica<br \/>\n<\/strong><\/h4>\n<p><a href=\"\/?page_id=8098\"><img loading=\"lazy\" decoding=\"async\" class=\"alignnone wp-image-8084\" src=\"https:\/\/valresa.com\/wp-content\/uploads\/2016\/04\/descarga-wp.png\" alt=\"descarga wp\" width=\"61\" height=\"61\" \/><\/a>[\/vc_column_text][\/vc_column][\/vc_row][vc_row type=&#8221;in_container&#8221; scene_position=&#8221;center&#8221; text_color=&#8221;dark&#8221; text_align=&#8221;left&#8221; overlay_strength=&#8221;0.3&#8243;][vc_column column_padding=&#8221;no-extra-padding&#8221; column_padding_position=&#8221;all&#8221; background_color_opacity=&#8221;1&#8243; background_hover_color_opacity=&#8221;1&#8243; width=&#8221;1\/1&#8243;][vc_column_text]\n<\/div>\n<\/div>\n<\/div>\n<\/div>\n<\/div>\n<\/div>\n<\/div>\n<div><\/div>\n<\/div>\n<\/div>\n[\/vc_column_text][\/vc_column][\/vc_row]\n","protected":false},"excerpt":{"rendered":"<p>[vc_row type=&#8221;in_container&#8221; scene_position=&#8221;center&#8221; text_color=&#8221;dark&#8221; text_align=&#8221;left&#8221; overlay_strength=&#8221;0.3&#8243;][vc_column column_padding=&#8221;no-extra-padding&#8221; column_padding_position=&#8221;all&#8221; background_color_opacity=&#8221;1&#8243; background_hover_color_opacity=&#8221;1&#8243; top_margin=&#8221;20&#8243; width=&#8221;1\/1&#8243;][vc_column_text css=&#8221;.vc_custom_1467373579223{margin-top: 40px !important;}&#8221;] Descripci\u00f3n T\u00e9cnica Recubrimiento en polvo termoendurecible formulado con resinas de poli\u00e9ster y epoxi. Acabado mate&#8230;<\/p>\n","protected":false},"author":1,"featured_media":0,"parent":0,"menu_order":0,"comment_status":"closed","ping_status":"closed","template":"","meta":{"footnotes":""},"class_list":["post-7387","page","type-page","status-publish"],"yoast_head":"<!-- This site is optimized with the Yoast SEO plugin v27.3 - https:\/\/yoast.com\/product\/yoast-seo-wordpress\/ -->\n<title>EPOXI POLIESTER FF35 - Valresa.com<\/title>\n<meta name=\"description\" content=\"Pintura en polvo termoendurecible formulado con resinas de poli\u00e9ster y epoxi. Acabado mate con muy buena extensibilidad, presenta una excelente resistencia al amarilleo por sobre estufado.\" \/>\n<meta name=\"robots\" content=\"index, follow, max-snippet:-1, max-image-preview:large, max-video-preview:-1\" \/>\n<link rel=\"canonical\" href=\"https:\/\/valresa.com\/en\/epoxi-poliester-ff35\/\" \/>\n<meta property=\"og:locale\" content=\"en_US\" \/>\n<meta property=\"og:type\" content=\"article\" \/>\n<meta property=\"og:title\" content=\"EPOXI POLIESTER FF35 - Valresa.com\" \/>\n<meta property=\"og:description\" content=\"Pintura en polvo termoendurecible formulado con resinas de poli\u00e9ster y epoxi. Acabado mate con muy buena extensibilidad, presenta una excelente resistencia al amarilleo por sobre estufado.\" \/>\n<meta property=\"og:url\" content=\"https:\/\/valresa.com\/en\/epoxi-poliester-ff35\/\" \/>\n<meta property=\"og:site_name\" content=\"VALRESA\" \/>\n<meta property=\"article:publisher\" content=\"https:\/\/www.facebook.com\/valresacoatings\/\" \/>\n<meta property=\"article:modified_time\" content=\"2016-08-05T13:11:17+00:00\" \/>\n<meta property=\"og:image\" content=\"https:\/\/valresa.com\/wp-content\/uploads\/2016\/04\/descarga-wp.png\" \/>\n<meta name=\"twitter:card\" content=\"summary_large_image\" \/>\n<meta name=\"twitter:label1\" content=\"Est. reading time\" \/>\n\t<meta name=\"twitter:data1\" content=\"2 minutes\" \/>\n<script type=\"application\/ld+json\" class=\"yoast-schema-graph\">{\"@context\":\"https:\\\/\\\/schema.org\",\"@graph\":[{\"@type\":\"WebPage\",\"@id\":\"https:\\\/\\\/valresa.com\\\/en\\\/epoxi-poliester-ff35\\\/\",\"url\":\"https:\\\/\\\/valresa.com\\\/en\\\/epoxi-poliester-ff35\\\/\",\"name\":\"EPOXI POLIESTER FF35 - Valresa.com\",\"isPartOf\":{\"@id\":\"https:\\\/\\\/valresa.com\\\/en\\\/#website\"},\"primaryImageOfPage\":{\"@id\":\"https:\\\/\\\/valresa.com\\\/en\\\/epoxi-poliester-ff35\\\/#primaryimage\"},\"image\":{\"@id\":\"https:\\\/\\\/valresa.com\\\/en\\\/epoxi-poliester-ff35\\\/#primaryimage\"},\"thumbnailUrl\":\"https:\\\/\\\/valresa.com\\\/wp-content\\\/uploads\\\/2016\\\/04\\\/descarga-wp.png\",\"datePublished\":\"2016-04-13T07:45:53+00:00\",\"dateModified\":\"2016-08-05T13:11:17+00:00\",\"description\":\"Pintura en polvo termoendurecible formulado con resinas de poli\u00e9ster y epoxi. Acabado mate con muy buena extensibilidad, presenta una excelente resistencia al amarilleo por sobre estufado.\",\"breadcrumb\":{\"@id\":\"https:\\\/\\\/valresa.com\\\/en\\\/epoxi-poliester-ff35\\\/#breadcrumb\"},\"inLanguage\":\"en-US\",\"potentialAction\":[{\"@type\":\"ReadAction\",\"target\":[\"https:\\\/\\\/valresa.com\\\/en\\\/epoxi-poliester-ff35\\\/\"]}]},{\"@type\":\"ImageObject\",\"inLanguage\":\"en-US\",\"@id\":\"https:\\\/\\\/valresa.com\\\/en\\\/epoxi-poliester-ff35\\\/#primaryimage\",\"url\":\"https:\\\/\\\/valresa.com\\\/wp-content\\\/uploads\\\/2016\\\/04\\\/descarga-wp.png\",\"contentUrl\":\"https:\\\/\\\/valresa.com\\\/wp-content\\\/uploads\\\/2016\\\/04\\\/descarga-wp.png\"},{\"@type\":\"BreadcrumbList\",\"@id\":\"https:\\\/\\\/valresa.com\\\/en\\\/epoxi-poliester-ff35\\\/#breadcrumb\",\"itemListElement\":[{\"@type\":\"ListItem\",\"position\":1,\"name\":\"Portada\",\"item\":\"https:\\\/\\\/valresa.com\\\/en\\\/\"},{\"@type\":\"ListItem\",\"position\":2,\"name\":\"EPOXI POLIESTER FF35\"}]},{\"@type\":\"WebSite\",\"@id\":\"https:\\\/\\\/valresa.com\\\/en\\\/#website\",\"url\":\"https:\\\/\\\/valresa.com\\\/en\\\/\",\"name\":\"VALRESA\",\"description\":\"Barnices y pinturas para la madera\",\"potentialAction\":[{\"@type\":\"SearchAction\",\"target\":{\"@type\":\"EntryPoint\",\"urlTemplate\":\"https:\\\/\\\/valresa.com\\\/en\\\/?s={search_term_string}\"},\"query-input\":{\"@type\":\"PropertyValueSpecification\",\"valueRequired\":true,\"valueName\":\"search_term_string\"}}],\"inLanguage\":\"en-US\"}]}<\/script>\n<!-- \/ Yoast SEO plugin. -->","yoast_head_json":{"title":"EPOXI POLIESTER FF35 - Valresa.com","description":"Pintura en polvo termoendurecible formulado con resinas de poli\u00e9ster y epoxi. Acabado mate con muy buena extensibilidad, presenta una excelente resistencia al amarilleo por sobre estufado.","robots":{"index":"index","follow":"follow","max-snippet":"max-snippet:-1","max-image-preview":"max-image-preview:large","max-video-preview":"max-video-preview:-1"},"canonical":"https:\/\/valresa.com\/en\/epoxi-poliester-ff35\/","og_locale":"en_US","og_type":"article","og_title":"EPOXI POLIESTER FF35 - Valresa.com","og_description":"Pintura en polvo termoendurecible formulado con resinas de poli\u00e9ster y epoxi. Acabado mate con muy buena extensibilidad, presenta una excelente resistencia al amarilleo por sobre estufado.","og_url":"https:\/\/valresa.com\/en\/epoxi-poliester-ff35\/","og_site_name":"VALRESA","article_publisher":"https:\/\/www.facebook.com\/valresacoatings\/","article_modified_time":"2016-08-05T13:11:17+00:00","og_image":[{"url":"https:\/\/valresa.com\/wp-content\/uploads\/2016\/04\/descarga-wp.png","type":"","width":"","height":""}],"twitter_card":"summary_large_image","twitter_misc":{"Est. reading time":"2 minutes"},"schema":{"@context":"https:\/\/schema.org","@graph":[{"@type":"WebPage","@id":"https:\/\/valresa.com\/en\/epoxi-poliester-ff35\/","url":"https:\/\/valresa.com\/en\/epoxi-poliester-ff35\/","name":"EPOXI POLIESTER FF35 - Valresa.com","isPartOf":{"@id":"https:\/\/valresa.com\/en\/#website"},"primaryImageOfPage":{"@id":"https:\/\/valresa.com\/en\/epoxi-poliester-ff35\/#primaryimage"},"image":{"@id":"https:\/\/valresa.com\/en\/epoxi-poliester-ff35\/#primaryimage"},"thumbnailUrl":"https:\/\/valresa.com\/wp-content\/uploads\/2016\/04\/descarga-wp.png","datePublished":"2016-04-13T07:45:53+00:00","dateModified":"2016-08-05T13:11:17+00:00","description":"Pintura en polvo termoendurecible formulado con resinas de poli\u00e9ster y epoxi. Acabado mate con muy buena extensibilidad, presenta una excelente resistencia al amarilleo por sobre estufado.","breadcrumb":{"@id":"https:\/\/valresa.com\/en\/epoxi-poliester-ff35\/#breadcrumb"},"inLanguage":"en-US","potentialAction":[{"@type":"ReadAction","target":["https:\/\/valresa.com\/en\/epoxi-poliester-ff35\/"]}]},{"@type":"ImageObject","inLanguage":"en-US","@id":"https:\/\/valresa.com\/en\/epoxi-poliester-ff35\/#primaryimage","url":"https:\/\/valresa.com\/wp-content\/uploads\/2016\/04\/descarga-wp.png","contentUrl":"https:\/\/valresa.com\/wp-content\/uploads\/2016\/04\/descarga-wp.png"},{"@type":"BreadcrumbList","@id":"https:\/\/valresa.com\/en\/epoxi-poliester-ff35\/#breadcrumb","itemListElement":[{"@type":"ListItem","position":1,"name":"Portada","item":"https:\/\/valresa.com\/en\/"},{"@type":"ListItem","position":2,"name":"EPOXI POLIESTER FF35"}]},{"@type":"WebSite","@id":"https:\/\/valresa.com\/en\/#website","url":"https:\/\/valresa.com\/en\/","name":"VALRESA","description":"Barnices y pinturas para la madera","potentialAction":[{"@type":"SearchAction","target":{"@type":"EntryPoint","urlTemplate":"https:\/\/valresa.com\/en\/?s={search_term_string}"},"query-input":{"@type":"PropertyValueSpecification","valueRequired":true,"valueName":"search_term_string"}}],"inLanguage":"en-US"}]}},"_links":{"self":[{"href":"https:\/\/valresa.com\/en\/wp-json\/wp\/v2\/pages\/7387","targetHints":{"allow":["GET"]}}],"collection":[{"href":"https:\/\/valresa.com\/en\/wp-json\/wp\/v2\/pages"}],"about":[{"href":"https:\/\/valresa.com\/en\/wp-json\/wp\/v2\/types\/page"}],"author":[{"embeddable":true,"href":"https:\/\/valresa.com\/en\/wp-json\/wp\/v2\/users\/1"}],"replies":[{"embeddable":true,"href":"https:\/\/valresa.com\/en\/wp-json\/wp\/v2\/comments?post=7387"}],"version-history":[{"count":0,"href":"https:\/\/valresa.com\/en\/wp-json\/wp\/v2\/pages\/7387\/revisions"}],"wp:attachment":[{"href":"https:\/\/valresa.com\/en\/wp-json\/wp\/v2\/media?parent=7387"}],"curies":[{"name":"wp","href":"https:\/\/api.w.org\/{rel}","templated":true}]}}